{"id":4222,"date":"2021-03-18T18:35:39","date_gmt":"2021-03-18T17:35:39","guid":{"rendered":"https:\/\/www.sailservice-germany.de\/?post_type=product&#038;p=4222"},"modified":"2026-04-22T14:00:29","modified_gmt":"2026-04-22T12:00:29","slug":"vorsegel-fuer-neptun-22-sofort-ab-lager-lieferbar","status":"publish","type":"product","link":"https:\/\/www.sailservice-germany.de\/en\/produkt\/vorsegel-fuer-neptun-22-sofort-ab-lager-lieferbar\/","title":{"rendered":"Vorsegel 10,4m2 \u2013 14,9m2 passend f\u00fcr Neptun 22 \u2013 sofort ab Lager lieferbar"},"content":{"rendered":"<p><strong>Neues Vorsegel passend f\u00fcr Neptun 22 (goldener Mast 7,3m oder schwarzer Mast 7,8m) &#8211; fertig produziert \u2013 sofort ab Lager lieferbar<\/strong><\/p>\n<p>Genua I oder Genua II<\/p>\n<p>Cruising Segeltuch: <a href=\"https:\/\/www.sailservice-germany.de\/wp-content\/uploads\/2020\/04\/DP_CBreeze_D.pdf\">CBreeze<\/a><\/p>\n<p>Tuchgewicht: 241g\/m2<\/p>\n<p>Cross Cut (Horizontalschnitt)<\/p>\n<p>Stagreiter oder Liektau \/ Keder mit 4,5mm Durchmesser, passend f\u00fcr Furlex 100er Serie<\/p>\n<p>Fenster<\/p>\n<p>Windb\u00e4ndsel<\/p>\n<p>moderner Segelsack<\/p>\n<p>&nbsp;<\/p>\n<p>Ma\u00dfe &#8211; bitte unbedingt mit den Liekma\u00dfen Ihres alten Segels oder Ihres Riggs abgleichen (Ma\u00dfe im maximal durchgereckten Zustand nehmen) ! Unsere Original-Segelma\u00dfe und Details passen nur, wenn Sie noch das Original-Rigg auf Ihrem Boot haben.<\/p>\n<p><strong>Ma\u00dfe\u00a0<\/strong><strong>goldener Mast:<\/strong><\/p>\n<p>Genua I Stagreiter =&gt;\u00a013,5m2 Segelfl\u00e4che,\u00a0Vorliek 7,38m,\u00a0Achterliek 7,20m,\u00a0Unterliek 3,83m<\/p>\n<p>Rollreffgenua I =&gt; 12,4m2 Segelfl\u00e4che, Vorliek 6,74m, Achterliek 6,65m, Unterliek 3,83m<\/p>\n<p>Genua II Stagreiter &amp; Rollreffgenua II =&gt; 10,4m2 Segelfl\u00e4che,\u00a0Vorliek 6,95m,\u00a0Achterliek 6,50m,\u00a0Unterliek 3,22m<\/p>\n<p><strong>Ma\u00dfe schwarzer Mast:<\/strong><\/p>\n<p>Genua I Stagreiter =&gt; 14,9m2 Segelfl\u00e4che,\u00a0Vorliek 8,10m,\u00a0Achterliek 7,50m,\u00a0Unterliek 4,05m<\/p>\n<p>Rollreffgenua I =&gt; 14,1m2 Segelfl\u00e4che, Vorliek 7,52m, Achterliek 7,18m, Unterliek 4,05m<\/p>\n<p>Genua II Stagreiter &amp; Rollreffgenua II =&gt; 11,1m2 Segelfl\u00e4che,\u00a0Vorliek 7,00m,\u00a0Achterliek 6,3m,\u00a0Unterliek 3,5m<\/p>\n<p>&nbsp;<\/p>\n<p>Fotos sind nur Beispielbilder und entsprechen nicht exakt diesem Segel.<\/p>\n<p>&nbsp;<\/p>\n<p>&nbsp;<\/p>\n<p style=\"font-weight: 400;\"><strong>Hersteller:<\/strong><\/p>\n<p style=\"font-weight: 400;\">Sail Service sp. z o.o.<br \/>\nul. Siennicka 25c<br \/>\n80-758 Gda\u0144sk<\/p>\n<p style=\"font-weight: 400;\">Polen<\/p>\n<p style=\"font-weight: 400;\"><a href=\"http:\/\/www.sailservice.pl\/\" target=\"_blank\" rel=\"noopener\">www.sailservice.pl<\/a><\/p>\n","protected":false},"excerpt":{"rendered":"<p>Genua I und Genua II f\u00fcr Neptun 22 (gold \/ schwarz) &#8211; vorgefertigte Lagersegel<\/p>\n","protected":false},"featured_media":1046,"template":"","meta":[],"product_brand":[],"product_cat":[94,22,172],"product_tag":[],"class_list":{"0":"post-4222","1":"product","2":"type-product","3":"status-publish","4":"has-post-thumbnail","6":"product_cat-lagerware-segel","7":"product_cat-neptun-segel","8":"product_cat-vorsegel","10":"first","11":"instock","12":"taxable","13":"shipping-taxable","14":"purchasable","15":"product-type-variable","16":"wvs-archive-product-wrapper"},"_links":{"self":[{"href":"https:\/\/www.sailservice-germany.de\/en\/wp-json\/wp\/v2\/product\/4222","targetHints":{"allow":["GET"]}}],"collection":[{"href":"https:\/\/www.sailservice-germany.de\/en\/wp-json\/wp\/v2\/product"}],"about":[{"href":"https:\/\/www.sailservice-germany.de\/en\/wp-json\/wp\/v2\/types\/product"}],"wp:featuredmedia":[{"embeddable":true,"href":"https:\/\/www.sailservice-germany.de\/en\/wp-json\/wp\/v2\/media\/1046"}],"wp:attachment":[{"href":"https:\/\/www.sailservice-germany.de\/en\/wp-json\/wp\/v2\/media?parent=4222"}],"wp:term":[{"taxonomy":"product_brand","embeddable":true,"href":"https:\/\/www.sailservice-germany.de\/en\/wp-json\/wp\/v2\/product_brand?post=4222"},{"taxonomy":"product_cat","embeddable":true,"href":"https:\/\/www.sailservice-germany.de\/en\/wp-json\/wp\/v2\/product_cat?post=4222"},{"taxonomy":"product_tag","embeddable":true,"href":"https:\/\/www.sailservice-germany.de\/en\/wp-json\/wp\/v2\/product_tag?post=4222"}],"curies":[{"name":"wp","href":"https:\/\/api.w.org\/{rel}","templated":true}]}}