{"id":4205,"date":"2021-03-18T18:17:31","date_gmt":"2021-03-18T17:17:31","guid":{"rendered":"https:\/\/www.sailservice-germany.de\/?post_type=product&#038;p=4205"},"modified":"2026-01-07T09:47:06","modified_gmt":"2026-01-07T08:47:06","slug":"grosssegel-neptun-22-sofort-ab-lager-lieferbar","status":"publish","type":"product","link":"https:\/\/www.sailservice-germany.de\/en\/produkt\/grosssegel-neptun-22-sofort-ab-lager-lieferbar\/","title":{"rendered":"Gro\u00dfsegel 9,4m2\/10,7m2 passend f\u00fcr Neptun 22 \u2013 sofort ab Lager lieferbar"},"content":{"rendered":"<p><strong>Neues Gro\u00dfsegel passend f\u00fcr Neptun 22 (goldener Mast, 7,3 m oder schwarzer Mast 7,8m) \u2013 fertig produziert \u2013 sofort ab Lager lieferbar<\/strong><\/p>\n<p>Segelfl\u00e4che 9,4 m2 \/ 10,7m2<\/p>\n<p>Cruising Segeltuch:\u00a0<a href=\"https:\/\/www.sailservice-germany.de\/wp-content\/uploads\/2020\/04\/DP_CBreeze_D.pdf\">CBreeze<\/a><\/p>\n<p>Tuchgewicht 241g\/m2<\/p>\n<p>Cross Cut (Horizontalschnitt)<\/p>\n<p>kurze\u00a0Standardsegellatten \/ Segellatten durchgelattet &#8211; bitte w\u00e4hlen<\/p>\n<p>2 Reffreihen<\/p>\n<p>Klassenzeichen Neptun 22<\/p>\n<p>Aluminium Kopfbrett<\/p>\n<p>Mastrutscher<\/p>\n<p>frei fliegendes Unterliek<\/p>\n<p>moderner Segelsack<\/p>\n<p>ACHTUNG: Abweichende Ma\u00dfe beim Gro\u00dfsegel f\u00fcr Neptun 22 mit Schneckenreff! Wenn Sie ein Schneckenreff haben, passen diese Segel nicht. Bitte bestellen Sie ein <a href=\"https:\/\/www.sailservice-germany.de\/produkt\/grosssegel-neptun-22\/\">individuell konfiguriertes Gro\u00dfsegel<\/a>.<\/p>\n<p>&nbsp;<\/p>\n<p>Ma\u00dfe \u2013 bitte unbedingt mit den Liekma\u00dfen Ihres alten Segels abgleichen (Ma\u00dfe im durchgereckten Zustand nehmen) ! Unsere Original-Segelma\u00dfe und Details passen nur, wenn Sie noch das Original-Rigg auf Ihrem Boot haben. Dieses Gro\u00dfsegel passt nicht auf das Rigg mit dem Schneckenreff.<\/p>\n<p>goldener Mast:<\/p>\n<p>Vorliek 6,45m<br \/>\nAchterliek 6,95m<br \/>\nUnterliek 2,58m<\/p>\n<p>schwarzer Mast:<\/p>\n<p>Vorliek 7,2m<br \/>\nAchterliek 7,55m<br \/>\nUnterliek 2,6m<\/p>\n<p>&nbsp;<\/p>\n<p>Fotos sind nur Beispielbilder und entsprechen nicht exakt diesem Segel.<\/p>\n<p>&nbsp;<\/p>\n<p>&nbsp;<\/p>\n<p style=\"font-weight: 400;\"><strong>Hersteller:<\/strong><\/p>\n<p style=\"font-weight: 400;\">Sail Service sp. z o.o.<br \/>\nul. Siennicka 25c<br \/>\n80-758 Gda\u0144sk<\/p>\n<p style=\"font-weight: 400;\">Polen<\/p>\n<p style=\"font-weight: 400;\"><a href=\"http:\/\/www.sailservice.pl\/\" target=\"_blank\" rel=\"noopener\">www.sailservice.pl<\/a><\/p>\n","protected":false},"excerpt":{"rendered":"<p>Neues Gro\u00dfsegel f\u00fcr Neptun 22 &#8211; vorgefertigte Lagersegel<\/p>\n","protected":false},"featured_media":1027,"template":"","meta":[],"product_brand":[],"product_cat":[171,94,22],"product_tag":[],"class_list":{"0":"post-4205","1":"product","2":"type-product","3":"status-publish","4":"has-post-thumbnail","6":"product_cat-grosssegel","7":"product_cat-lagerware-segel","8":"product_cat-neptun-segel","10":"first","11":"instock","12":"taxable","13":"shipping-taxable","14":"purchasable","15":"product-type-variable","16":"wvs-archive-product-wrapper"},"_links":{"self":[{"href":"https:\/\/www.sailservice-germany.de\/en\/wp-json\/wp\/v2\/product\/4205","targetHints":{"allow":["GET"]}}],"collection":[{"href":"https:\/\/www.sailservice-germany.de\/en\/wp-json\/wp\/v2\/product"}],"about":[{"href":"https:\/\/www.sailservice-germany.de\/en\/wp-json\/wp\/v2\/types\/product"}],"wp:featuredmedia":[{"embeddable":true,"href":"https:\/\/www.sailservice-germany.de\/en\/wp-json\/wp\/v2\/media\/1027"}],"wp:attachment":[{"href":"https:\/\/www.sailservice-germany.de\/en\/wp-json\/wp\/v2\/media?parent=4205"}],"wp:term":[{"taxonomy":"product_brand","embeddable":true,"href":"https:\/\/www.sailservice-germany.de\/en\/wp-json\/wp\/v2\/product_brand?post=4205"},{"taxonomy":"product_cat","embeddable":true,"href":"https:\/\/www.sailservice-germany.de\/en\/wp-json\/wp\/v2\/product_cat?post=4205"},{"taxonomy":"product_tag","embeddable":true,"href":"https:\/\/www.sailservice-germany.de\/en\/wp-json\/wp\/v2\/product_tag?post=4205"}],"curies":[{"name":"wp","href":"https:\/\/api.w.org\/{rel}","templated":true}]}}