{"id":3886,"date":"2021-02-25T17:36:05","date_gmt":"2021-02-25T16:36:05","guid":{"rendered":"https:\/\/www.sailservice-germany.de\/?post_type=product&#038;p=3886"},"modified":"2025-12-23T17:20:39","modified_gmt":"2025-12-23T16:20:39","slug":"vorsegel-fuer-dehler-varianta-65-fock-genua-i","status":"publish","type":"product","link":"https:\/\/www.sailservice-germany.de\/en\/produkt\/vorsegel-fuer-dehler-varianta-65-fock-genua-i\/","title":{"rendered":"Vorsegel 6,2-11m2 passend f\u00fcr Dehler Varianta 65 \u2013 Fock &#038; Genua I \u2013 individuell konfigurieren"},"content":{"rendered":"<p><strong>Neues Vorsegel passend f\u00fcr Dehler Varianta 65<\/strong><\/p>\n<p>Fock &#8211; Genua I<\/p>\n<p>Segelfl\u00e4che: ca. 6,2m2 Fock &#8211; ca. 11m2 Genua I<\/p>\n<p>Cruising Segeltuch: <a href=\"https:\/\/www.sailservice-germany.de\/wp-content\/uploads\/2020\/04\/DP_CBreeze_D.pdf\">CBreeze<\/a> oder <a href=\"https:\/\/www.sailservice-germany.de\/wp-content\/uploads\/2020\/04\/DP_AP_D.pdf\">AP<\/a> von Dimension Polyant\u00a0(deutscher Hersteller)<\/p>\n<p>oder Performance Cruising Segeltuch: <a href=\"https:\/\/www.sailservice-germany.de\/wp-content\/uploads\/2020\/04\/DP_Square_D.pdf\">Square<\/a> Ripstop Dacron von Dimension Polyant\u00a0(deutscher Hersteller)<\/p>\n<p>Tuchgewicht: 241g\/m2, 250g\/m2 oder 245g\/m2<\/p>\n<p>Cross Cut (Horizontalschnitt) oder triradialer Schnitt<\/p>\n<p>Stagreiter (= Standard Varianta) oder Liektau<\/p>\n<p>Windb\u00e4ndsel<\/p>\n<p>moderner Segelsack<\/p>\n<p>&nbsp;<\/p>\n<p>Ma\u00dfe &#8211; bitte unbedingt mit den Liekma\u00dfen Ihres alten Segels oder Ihres Riggs abgleichen (Ma\u00dfe im maximal durchgereckten Zustand nehmen) ! Unsere Original-Segelma\u00dfe und Details passen nur, wenn Sie noch das Original-Rigg auf Ihrem Boot haben.<\/p>\n<p>Bei Verwendung einer Rollanlage verk\u00fcrzt sich das Vorliekma\u00df der Genua I je nach Rollanlage. Bitte nennen Sie uns dann Ihr gew\u00fcnschtes Vorliekma\u00df.<\/p>\n<p>&nbsp;<\/p>\n<p>&nbsp;<\/p>\n<p>&nbsp;<\/p>\n<p style=\"font-weight: 400;\"><strong>Hersteller:<\/strong><\/p>\n<p style=\"font-weight: 400;\">Sail Service sp. z o.o.<br \/>\nul. Siennicka 25c<br \/>\n80-758 Gda\u0144sk<\/p>\n<p style=\"font-weight: 400;\">Polen<\/p>\n<p style=\"font-weight: 400;\"><a href=\"http:\/\/www.sailservice.pl\/\" target=\"_blank\" rel=\"noopener\">www.sailservice.pl<\/a><\/p>\n","protected":false},"excerpt":{"rendered":"<p>Neues Vorsegel f\u00fcr Dehler Varianta 65, Fock &amp; Genua I &#8211; vom einfachen Binnen-Dacrontuch bis zum Square Ripstop Dacron im triradialen Schnitt f\u00fcr Club-Regatten<\/p>\n","protected":false},"featured_media":1046,"template":"","meta":[],"product_brand":[],"product_cat":[204],"product_tag":[],"class_list":{"0":"post-3886","1":"product","2":"type-product","3":"status-publish","4":"has-post-thumbnail","6":"product_cat-dehler-varianta-65","8":"first","9":"instock","10":"taxable","11":"shipping-taxable","12":"purchasable","13":"product-type-variable","14":"wvs-archive-product-wrapper"},"_links":{"self":[{"href":"https:\/\/www.sailservice-germany.de\/en\/wp-json\/wp\/v2\/product\/3886","targetHints":{"allow":["GET"]}}],"collection":[{"href":"https:\/\/www.sailservice-germany.de\/en\/wp-json\/wp\/v2\/product"}],"about":[{"href":"https:\/\/www.sailservice-germany.de\/en\/wp-json\/wp\/v2\/types\/product"}],"wp:featuredmedia":[{"embeddable":true,"href":"https:\/\/www.sailservice-germany.de\/en\/wp-json\/wp\/v2\/media\/1046"}],"wp:attachment":[{"href":"https:\/\/www.sailservice-germany.de\/en\/wp-json\/wp\/v2\/media?parent=3886"}],"wp:term":[{"taxonomy":"product_brand","embeddable":true,"href":"https:\/\/www.sailservice-germany.de\/en\/wp-json\/wp\/v2\/product_brand?post=3886"},{"taxonomy":"product_cat","embeddable":true,"href":"https:\/\/www.sailservice-germany.de\/en\/wp-json\/wp\/v2\/product_cat?post=3886"},{"taxonomy":"product_tag","embeddable":true,"href":"https:\/\/www.sailservice-germany.de\/en\/wp-json\/wp\/v2\/product_tag?post=3886"}],"curies":[{"name":"wp","href":"https:\/\/api.w.org\/{rel}","templated":true}]}}