{"id":3867,"date":"2021-02-25T17:12:01","date_gmt":"2021-02-25T16:12:01","guid":{"rendered":"https:\/\/www.sailservice-germany.de\/?post_type=product&#038;p=3867"},"modified":"2025-12-23T17:23:11","modified_gmt":"2025-12-23T16:23:11","slug":"grosssegel-dehler-varianta-65","status":"publish","type":"product","link":"https:\/\/www.sailservice-germany.de\/en\/produkt\/grosssegel-dehler-varianta-65\/","title":{"rendered":"Gro\u00dfsegel 10,6m2 passend f\u00fcr Dehler Varianta 65 \u2013 individuell konfigurieren"},"content":{"rendered":"<p><strong>Neues Gro\u00dfsegel passend f\u00fcr Dehler Varianta 65<\/strong><\/p>\n<p>Segelfl\u00e4che: ca. 10,6m2<\/p>\n<p>Cruising Segeltuch: einfaches Binnen-Dacrontuch <a href=\"https:\/\/www.sailservice-germany.de\/wp-content\/uploads\/2020\/04\/DP_CBreeze_D.pdf\">CBreeze<\/a> oder Premium Dacron Segeltuch <a href=\"https:\/\/www.sailservice-germany.de\/wp-content\/uploads\/2020\/04\/DP_AP_D.pdf\">AP<\/a> von Dimension Polyant\u00a0(deutscher Hersteller)<\/p>\n<p>oder Performance Cruising Segeltuch: <a href=\"https:\/\/www.sailservice-germany.de\/wp-content\/uploads\/2020\/04\/DP_Square_D.pdf\">Square<\/a> Ripstop Dacron von Dimension Polyant\u00a0(deutscher Hersteller)<\/p>\n<p>Tuchgewicht 241g\/m2, 250g\/m2 oder 245g\/m2<\/p>\n<p>Cross Cut (Horizontalschnitt) oder triradialer Schnitt<\/p>\n<p>Toplatte durchgehend &#8211; Rest kurze\u00a0Standardsegellatten<\/p>\n<p>1 Reffreihe<\/p>\n<p>Aluminium Kopfbrett<\/p>\n<p>Liektau ( = Standard Varianta 65) oder Mastrutscher (wenn auf Mastrutscher umger\u00fcstet, bitte die Nr. des Rutschers oben eintragen)<\/p>\n<p>moderner Segelsack<\/p>\n<p>&nbsp;<\/p>\n<p><strong>Ma\u00dfe (alle Ma\u00dfe sind maximale Reckma\u00dfe):<\/strong><\/p>\n<p>Vorliek 6,5m<\/p>\n<p>Unterliek 2,8m<\/p>\n<p>Achterliek 6,84m<\/p>\n<p>Ma\u00dfe \u2013 bitte unbedingt mit den Liekma\u00dfen Ihres alten Segels \u00a0oder Ihres Riggs abgleichen (Ma\u00dfe im maximal durchgereckten Zustand nehmen) ! Unsere Original-Segelma\u00dfe und Details passen nur, wenn Sie noch das Original-Rigg auf Ihrem Boot haben.<\/p>\n<p>&nbsp;<\/p>\n<p>&nbsp;<\/p>\n<p>&nbsp;<\/p>\n<p style=\"font-weight: 400;\"><strong>Hersteller:<\/strong><\/p>\n<p style=\"font-weight: 400;\">Sail Service sp. z o.o.<br \/>\nul. Siennicka 25c<br \/>\n80-758 Gda\u0144sk<\/p>\n<p style=\"font-weight: 400;\">Polen<\/p>\n<p style=\"font-weight: 400;\"><a href=\"http:\/\/www.sailservice.pl\/\" target=\"_blank\" rel=\"noopener\">www.sailservice.pl<\/a><\/p>\n","protected":false},"excerpt":{"rendered":"<p>Neues Gro\u00dfsegel f\u00fcr Dehler Varianta 65 &#8211; vom einfachen Binnen-Dacrontuch bis zum Square Ripstop Dacron im triradialen Schnitt f\u00fcr Club-Regatten<\/p>\n","protected":false},"featured_media":1027,"template":"","meta":[],"product_brand":[],"product_cat":[204],"product_tag":[],"class_list":{"0":"post-3867","1":"product","2":"type-product","3":"status-publish","4":"has-post-thumbnail","6":"product_cat-dehler-varianta-65","8":"first","9":"instock","10":"taxable","11":"shipping-taxable","12":"purchasable","13":"product-type-variable","14":"wvs-archive-product-wrapper"},"_links":{"self":[{"href":"https:\/\/www.sailservice-germany.de\/en\/wp-json\/wp\/v2\/product\/3867","targetHints":{"allow":["GET"]}}],"collection":[{"href":"https:\/\/www.sailservice-germany.de\/en\/wp-json\/wp\/v2\/product"}],"about":[{"href":"https:\/\/www.sailservice-germany.de\/en\/wp-json\/wp\/v2\/types\/product"}],"wp:featuredmedia":[{"embeddable":true,"href":"https:\/\/www.sailservice-germany.de\/en\/wp-json\/wp\/v2\/media\/1027"}],"wp:attachment":[{"href":"https:\/\/www.sailservice-germany.de\/en\/wp-json\/wp\/v2\/media?parent=3867"}],"wp:term":[{"taxonomy":"product_brand","embeddable":true,"href":"https:\/\/www.sailservice-germany.de\/en\/wp-json\/wp\/v2\/product_brand?post=3867"},{"taxonomy":"product_cat","embeddable":true,"href":"https:\/\/www.sailservice-germany.de\/en\/wp-json\/wp\/v2\/product_cat?post=3867"},{"taxonomy":"product_tag","embeddable":true,"href":"https:\/\/www.sailservice-germany.de\/en\/wp-json\/wp\/v2\/product_tag?post=3867"}],"curies":[{"name":"wp","href":"https:\/\/api.w.org\/{rel}","templated":true}]}}