{"id":250,"date":"2020-02-26T21:32:12","date_gmt":"2020-02-26T20:32:12","guid":{"rendered":"https:\/\/www.sailservice-germany.de\/?post_type=product&#038;p=250"},"modified":"2024-09-26T16:59:03","modified_gmt":"2024-09-26T14:59:03","slug":"spinnakersack-profi","status":"publish","type":"product","link":"https:\/\/www.sailservice-germany.de\/en\/produkt\/spinnakersack-profi\/","title":{"rendered":"Spinnakersack Profi"},"content":{"rendered":"<p>Professioneller Spinnakersack.\u00a0Farbe\u00a0blau (ACHTUNG &#8211; nicht cremefarben wie auf dem einen\u00a0Bild)<\/p>\n<p>&nbsp;<\/p>\n<p>&#8211; Seitliche Gurte zum Befestigen der Segelecken mit Klettverschluss<\/p>\n<p>&#8211; Band zur Befestigung einer Ecke mit Klettverschluss<\/p>\n<p>&#8211; zus\u00e4tzliche obere B\u00e4nder, um die Tasche vor dem \u00d6ffnen zu sichern<\/p>\n<p>&#8211; seitliche Griffe f\u00fcr den Transport<\/p>\n<p>&#8211; Karabinerhaken aus Edelstahl zur Befestigung am Gel\u00e4nder<\/p>\n<p>&#8211; Seite &amp; Boden aus Mesh f\u00fcr gute Bel\u00fcftung<\/p>\n<p>&#8211; hochwertige Verarbeitung<\/p>\n<p>&#8211; Versteifung der L\u00e4ngsstreifen, um das Verstauen des Segels zu unterst\u00fctzen<\/p>\n<p>&#8211; transparentes Fach f\u00fcr Segeldokumente<\/p>\n<p>&#8211; hochwertiger YKK-Rei\u00dfverschluss<\/p>\n<p>&nbsp;<\/p>\n<p><strong>Material:\u00a0<\/strong>hochwertiges, wasserdichtes Ripstop-Gewebe, hochwertiges Finish<\/p>\n<p>&nbsp;<\/p>\n<p>Folgende Gr\u00f6\u00dfen sind verf\u00fcgbar:<\/p>\n<p><strong>Gr\u00f6\u00dfe\u00a0 \u00a0Segelfl\u00e4che \u00a0 \u00a0Ma\u00dfe<\/strong><\/p>\n<p>XS \u00a0 \u00a0 \u00a0 \u00a0 \u00a030 &#8211; 40m2 \u00a0 \u00a0 72,5 x 32,5 x 36cm<\/p>\n<p>S \u00a0 \u00a0 \u00a0 \u00a0 \u00a0 \u00a040 &#8211; 60m2 \u00a0 \u00a0 85 x 38 x 42,5cm<\/p>\n<p>M \u00a0 \u00a0 \u00a0 \u00a0 \u00a0 60 &#8211; 90m2 \u00a0 \u00a0\u00a097,5 x 44 x 49cm<\/p>\n<p>L \u00a0 \u00a0 \u00a0 \u00a0 \u00a0 \u00a0\u00a090 &#8211; 135m2 \u00a0 \u00a0110 x 49,5 x 55cm<\/p>\n<p>XL \u00a0 \u00a0 \u00a0 \u00a0 \u00a0135 &#8211; 185m2 \u00a0 \u00a0122,5 x 55 x 61cm<\/p>\n<p>&nbsp;<\/p>\n<p>&nbsp;<\/p>\n<p>&nbsp;<\/p>\n<p style=\"font-weight: 400;\"><strong>Hersteller:<\/strong><\/p>\n<p style=\"font-weight: 400;\">Sail Service sp. z o.o.<br \/>\nul. Siennicka 25c<br \/>\n80-758 Gda\u0144sk<\/p>\n<p style=\"font-weight: 400;\">Polen<\/p>\n<p style=\"font-weight: 400;\"><a href=\"http:\/\/www.sailservice.pl\/\" target=\"_blank\" rel=\"noopener\">www.sailservice.pl<\/a><\/p>\n","protected":false},"excerpt":{"rendered":"<p>Professioneller Spinnakersack.\u00a0Farbe\u00a0blau (ACHTUNG &#8211; nicht cremefarben wie auf dem einen\u00a0Bild)  [&#8230;]<\/p>\n","protected":false},"featured_media":1041,"template":"","meta":[],"product_brand":[],"product_cat":[18],"product_tag":[],"class_list":{"0":"post-250","1":"product","2":"type-product","3":"status-publish","4":"has-post-thumbnail","6":"product_cat-bergeschlaeuche-bags","8":"first","9":"instock","10":"taxable","11":"shipping-taxable","12":"purchasable","13":"product-type-variable","14":"wvs-archive-product-wrapper"},"_links":{"self":[{"href":"https:\/\/www.sailservice-germany.de\/en\/wp-json\/wp\/v2\/product\/250","targetHints":{"allow":["GET"]}}],"collection":[{"href":"https:\/\/www.sailservice-germany.de\/en\/wp-json\/wp\/v2\/product"}],"about":[{"href":"https:\/\/www.sailservice-germany.de\/en\/wp-json\/wp\/v2\/types\/product"}],"wp:featuredmedia":[{"embeddable":true,"href":"https:\/\/www.sailservice-germany.de\/en\/wp-json\/wp\/v2\/media\/1041"}],"wp:attachment":[{"href":"https:\/\/www.sailservice-germany.de\/en\/wp-json\/wp\/v2\/media?parent=250"}],"wp:term":[{"taxonomy":"product_brand","embeddable":true,"href":"https:\/\/www.sailservice-germany.de\/en\/wp-json\/wp\/v2\/product_brand?post=250"},{"taxonomy":"product_cat","embeddable":true,"href":"https:\/\/www.sailservice-germany.de\/en\/wp-json\/wp\/v2\/product_cat?post=250"},{"taxonomy":"product_tag","embeddable":true,"href":"https:\/\/www.sailservice-germany.de\/en\/wp-json\/wp\/v2\/product_tag?post=250"}],"curies":[{"name":"wp","href":"https:\/\/api.w.org\/{rel}","templated":true}]}}