{"id":240,"date":"2020-02-26T21:19:28","date_gmt":"2020-02-26T20:19:28","guid":{"rendered":"https:\/\/www.sailservice-germany.de\/?post_type=product&#038;p=240"},"modified":"2024-09-26T16:59:29","modified_gmt":"2024-09-26T14:59:29","slug":"gennaker-deckbag-fuer-rollbare-segel-wie-code-zero-und-gennaker","status":"publish","type":"product","link":"https:\/\/www.sailservice-germany.de\/en\/produkt\/gennaker-deckbag-fuer-rollbare-segel-wie-code-zero-und-gennaker\/","title":{"rendered":"Gennaker Deckbag f\u00fcr rollbare Segel wie Code Zero &amp; Gennaker"},"content":{"rendered":"<p>Gennaker Deckbag zur Lagerung Ihrer rollbaren Segel wie Code Zero und Gennaker.<\/p>\n<p>Farbe blau<\/p>\n<p>&#8211; perfekt geeignet f\u00fcr Segel mit Antitorsionskabel &amp; Furler<\/p>\n<p>&#8211; Material: hochwertiges, wasserdichtes Ripstop-Gewebe, hochwertiges Finish<\/p>\n<p>&#8211; obere B\u00e4nder, auch zur Befestigung an Bord<\/p>\n<p>&#8211; Seitengriffe f\u00fcr den Transport<\/p>\n<p>&#8211; Boden aus Mesh f\u00fcr gute Bel\u00fcftung &amp; Ableitung von Wasser<\/p>\n<p>&#8211; Schlaufe am Boden der Tasche zur Befestigung weiterer Karabiner<\/p>\n<p>&#8211; Transparentes Fach f\u00fcr Segeldokumente<\/p>\n<p>&#8211; hochwertiger YKK-Rei\u00dfverschluss<\/p>\n<p>&nbsp;<\/p>\n<p>Folgende Gr\u00f6\u00dfen sind verf\u00fcgbar:<\/p>\n<p><strong>Gr\u00f6\u00dfe \u00a0 Segelfl\u00e4che \u00a0 \u00a0 \u00a0Ma\u00dfe<\/strong><\/p>\n<p>XS \u00a0 \u00a0 \u00a0 \u00a0 \u00a030 &#8211; 50m2 \u00a0 \u00a0 \u00a0 \u00a0 \u00a071 x 38 x 27cm<\/p>\n<p>S \u00a0 \u00a0 \u00a0 \u00a0 \u00a0 \u00a050 &#8211; 80m2 \u00a0 \u00a0 \u00a0 \u00a0 104 x 38 x 27cm<\/p>\n<p>M \u00a0 \u00a0 \u00a0 \u00a0 \u00a0 80 &#8211; 120m2 \u00a0 \u00a0 \u00a0\u00a0144 x 38 x 27cm<\/p>\n<p>L \u00a0 \u00a0 \u00a0 \u00a0 \u00a0 \u00a0120 &#8211; 175m2 \u00a0 \u00a0\u00a0144 x 53 x 34,5cm<\/p>\n<p>XL \u00a0 \u00a0 \u00a0 \u00a0 \u00a0175 &#8211; 250m2 \u00a0 \u00a0144 x 60 x 44cm<\/p>\n<p>&nbsp;<\/p>\n<p>&nbsp;<\/p>\n<p>&nbsp;<\/p>\n<p style=\"font-weight: 400;\"><strong>Hersteller:<\/strong><\/p>\n<p style=\"font-weight: 400;\">Sail Service sp. z o.o.<br \/>\nul. Siennicka 25c<br \/>\n80-758 Gda\u0144sk<\/p>\n<p style=\"font-weight: 400;\">Polen<\/p>\n<p style=\"font-weight: 400;\"><a href=\"http:\/\/www.sailservice.pl\/\" target=\"_blank\" rel=\"noopener\">www.sailservice.pl<\/a><\/p>\n","protected":false},"excerpt":{"rendered":"<p>Zur Lagerung Ihrer rollbaren Segel wie Code Zero und Gennaker an Deck<\/p>\n","protected":false},"featured_media":1001,"template":"","meta":[],"product_brand":[],"product_cat":[18],"product_tag":[],"class_list":{"0":"post-240","1":"product","2":"type-product","3":"status-publish","4":"has-post-thumbnail","6":"product_cat-bergeschlaeuche-bags","8":"first","9":"instock","10":"taxable","11":"shipping-taxable","12":"purchasable","13":"product-type-variable","14":"wvs-archive-product-wrapper"},"_links":{"self":[{"href":"https:\/\/www.sailservice-germany.de\/en\/wp-json\/wp\/v2\/product\/240","targetHints":{"allow":["GET"]}}],"collection":[{"href":"https:\/\/www.sailservice-germany.de\/en\/wp-json\/wp\/v2\/product"}],"about":[{"href":"https:\/\/www.sailservice-germany.de\/en\/wp-json\/wp\/v2\/types\/product"}],"wp:featuredmedia":[{"embeddable":true,"href":"https:\/\/www.sailservice-germany.de\/en\/wp-json\/wp\/v2\/media\/1001"}],"wp:attachment":[{"href":"https:\/\/www.sailservice-germany.de\/en\/wp-json\/wp\/v2\/media?parent=240"}],"wp:term":[{"taxonomy":"product_brand","embeddable":true,"href":"https:\/\/www.sailservice-germany.de\/en\/wp-json\/wp\/v2\/product_brand?post=240"},{"taxonomy":"product_cat","embeddable":true,"href":"https:\/\/www.sailservice-germany.de\/en\/wp-json\/wp\/v2\/product_cat?post=240"},{"taxonomy":"product_tag","embeddable":true,"href":"https:\/\/www.sailservice-germany.de\/en\/wp-json\/wp\/v2\/product_tag?post=240"}],"curies":[{"name":"wp","href":"https:\/\/api.w.org\/{rel}","templated":true}]}}