{"id":2120,"date":"2020-05-03T19:34:35","date_gmt":"2020-05-03T17:34:35","guid":{"rendered":"https:\/\/www.sailservice-germany.de\/?post_type=product&#038;p=2120"},"modified":"2026-01-07T08:38:01","modified_gmt":"2026-01-07T07:38:01","slug":"spinnaker-fuer-jantar-23-einfarbig-in-3-standardfarben-weiss-blau-oder-rot","status":"publish","type":"product","link":"https:\/\/www.sailservice-germany.de\/en\/produkt\/spinnaker-fuer-jantar-23-einfarbig-in-3-standardfarben-weiss-blau-oder-rot\/","title":{"rendered":"Spinnaker 25,4m2 passend f\u00fcr Jantar 23 \u2013 einfarbig \u2013 in 3 Standardfarben: wei\u00df, blau oder rot"},"content":{"rendered":"<p>Symmetrischer Spinnaker in Standardgr\u00f6\u00dfe passend f\u00fcr die Jantar 23 &#8211; f\u00fcr Raum- und Vorwindkurse (ca. 100\u00b0 bis 180\u00b0 scheinbarer Windwinkel) optimiert<\/p>\n<p>Leichtwindgennaker &#8211; bis ca. 20 Knoten Wind geeignet<\/p>\n<p>&nbsp;<\/p>\n<p><strong>Material:<\/strong>\u00a0hochwertiges Spinnakertuch &#8211; <a href=\"https:\/\/www.sailservice-germany.de\/wp-content\/uploads\/2020\/04\/contendersailcloth_spinnakersuperlite-superkote-gbr.pdf\">Superkote 75<\/a>\u00a0von Contender (Marktf\u00fchrer f\u00fcr Spinnakertuche, Holland)<\/p>\n<p>&#8211; Segelfl\u00e4che 25,4m2<\/p>\n<p>&#8211; Tuchgewicht: 40g\/m2<\/p>\n<p>&#8211; triradialer Schnitt<\/p>\n<p>&#8211; radiale Eckverst\u00e4rkungen<\/p>\n<p>&#8211; verschiedenfarbige Lieken<\/p>\n<p>&#8211; moderner Segelsack<\/p>\n<p>&#8211; einfarbig<\/p>\n<p>&#8211; in 3 Standardfarben einfarbig: <strong>wei\u00df, rot, dunkelblau<\/strong>\u00a0(<a title=\"Contender Farben\" href=\"https:\/\/www.sailservice-germany.de\/wp-content\/uploads\/2020\/04\/Contender-Farben-SpinnakerGennaker.jpeg\" target=\"_top\" rel=\"noopener noreferrer\">Farbmusterkarte<\/a> von Contender)<\/p>\n<p>&nbsp;<\/p>\n<p>Bestellung mit oder ohne passenden <a href=\"https:\/\/www.sailservice-germany.de\/produkt\/bergeschlauch-fuer-gennaker-spinnaker-blister\/\"><strong>Bergeschlauch<\/strong><\/a> m\u00f6glich:<\/p>\n<p><b>&#8211; <\/b>Material: Weathermaxx 65 (uv-best\u00e4ndiges &amp; rei\u00dffestes Polymer) unten + oben<\/p>\n<p>&#8211; d\u00fcnnes flexibles Polyestermaterial f\u00fcr den Schlauch dazwischen<\/p>\n<p>&#8211; stabile und hochwertige Zubeh\u00f6rteile<\/p>\n<p>&#8211; passgenau f\u00fcr Ihren bestellten Gennaker<\/p>\n<p>&#8211; komplett mit allen Bedienteilen &#8211; bereit zum Einsatz<\/p>\n<p>&#8211; Farben zur Auswahl: wei\u00df, grau, blau (Trichter immer wei\u00df)<\/p>\n<div id=\"cc-m-7564027581\" class=\"j-module n j-text \">\n<p>&nbsp;<\/p>\n<p>&nbsp;<\/p>\n<p>&nbsp;<\/p>\n<p style=\"font-weight: 400;\"><strong>Hersteller:<\/strong><\/p>\n<p style=\"font-weight: 400;\">Sail Service sp. z o.o.<br \/>\nul. Siennicka 25c<br \/>\n80-758 Gda\u0144sk<\/p>\n<p style=\"font-weight: 400;\">Polen<\/p>\n<p style=\"font-weight: 400;\"><a href=\"http:\/\/www.sailservice.pl\/\" target=\"_blank\" rel=\"noopener\">www.sailservice.pl<\/a><\/p>\n<\/div>\n<div id=\"cc-m-7564017481\" class=\"j-module n j-table \"><\/div>\n","protected":false},"excerpt":{"rendered":"<p>Einfarbiger Spinnaker in rot, blau oder wei\u00df f\u00fcr Jantar 23<\/p>\n","protected":false},"featured_media":1038,"template":"","meta":[],"product_brand":[],"product_cat":[23],"product_tag":[],"class_list":{"0":"post-2120","1":"product","2":"type-product","3":"status-publish","4":"has-post-thumbnail","6":"product_cat-jantar-segel","8":"first","9":"instock","10":"taxable","11":"shipping-taxable","12":"purchasable","13":"product-type-variable","14":"wvs-archive-product-wrapper"},"_links":{"self":[{"href":"https:\/\/www.sailservice-germany.de\/en\/wp-json\/wp\/v2\/product\/2120","targetHints":{"allow":["GET"]}}],"collection":[{"href":"https:\/\/www.sailservice-germany.de\/en\/wp-json\/wp\/v2\/product"}],"about":[{"href":"https:\/\/www.sailservice-germany.de\/en\/wp-json\/wp\/v2\/types\/product"}],"wp:featuredmedia":[{"embeddable":true,"href":"https:\/\/www.sailservice-germany.de\/en\/wp-json\/wp\/v2\/media\/1038"}],"wp:attachment":[{"href":"https:\/\/www.sailservice-germany.de\/en\/wp-json\/wp\/v2\/media?parent=2120"}],"wp:term":[{"taxonomy":"product_brand","embeddable":true,"href":"https:\/\/www.sailservice-germany.de\/en\/wp-json\/wp\/v2\/product_brand?post=2120"},{"taxonomy":"product_cat","embeddable":true,"href":"https:\/\/www.sailservice-germany.de\/en\/wp-json\/wp\/v2\/product_cat?post=2120"},{"taxonomy":"product_tag","embeddable":true,"href":"https:\/\/www.sailservice-germany.de\/en\/wp-json\/wp\/v2\/product_tag?post=2120"}],"curies":[{"name":"wp","href":"https:\/\/api.w.org\/{rel}","templated":true}]}}