{"id":2087,"date":"2020-05-03T19:14:19","date_gmt":"2020-05-03T17:14:19","guid":{"rendered":"https:\/\/www.sailservice-germany.de\/?post_type=product&#038;p=2087"},"modified":"2026-01-07T08:54:14","modified_gmt":"2026-01-07T07:54:14","slug":"vorsegel-fuer-jantar-23-fock-genua-ii","status":"publish","type":"product","link":"https:\/\/www.sailservice-germany.de\/en\/produkt\/vorsegel-fuer-jantar-23-fock-genua-ii\/","title":{"rendered":"Vorsegel passend f\u00fcr Jantar 23 \u2013 Fock 7m2 &#038; Genua II 11,3m2 \u2013 individuell konfigurieren"},"content":{"rendered":"<p><strong>Neues Vorsegel passend f\u00fcr Jantar 23<\/strong><\/p>\n<p>Fock &#8211; Genua II<\/p>\n<p>Segelfl\u00e4che: ca. 7m2 Fock &#8211; ca. 11,3m2 Genua II<\/p>\n<p>Cruising Segeltuch: <a href=\"https:\/\/www.sailservice-germany.de\/wp-content\/uploads\/2020\/04\/DP_CBreeze_D.pdf\">CBreeze<\/a> oder <a href=\"https:\/\/www.sailservice-germany.de\/wp-content\/uploads\/2020\/04\/DP_AP_D.pdf\">AP<\/a> von Dimension Polyant\u00a0(deutscher Hersteller)<\/p>\n<p>oder Performance Cruising Segeltuch: <a href=\"https:\/\/www.sailservice-germany.de\/wp-content\/uploads\/2020\/04\/DP_Square_D.pdf\">Square<\/a> Ripstop Dacron von Dimension Polyant\u00a0(deutscher Hersteller)<\/p>\n<p>Tuchgewicht: 241g\/m2, 250g\/m2 oder 245g\/m2<\/p>\n<p>Cross Cut (Horizontalschnitt) oder triradialer Schnitt<\/p>\n<p>Stagreiter (= Standard Jantar) oder Liektau<\/p>\n<p>Windb\u00e4ndsel<\/p>\n<p>moderner Segelsack<\/p>\n<p>&nbsp;<\/p>\n<p>Ma\u00dfe &#8211; bitte unbedingt mit den Liekma\u00dfen Ihres alten Segels oder Ihres Riggs abgleichen (Ma\u00dfe im maximal durchgereckten Zustand nehmen) ! Unsere Original-Segelma\u00dfe und Details passen nur, wenn Sie noch das Original-Rigg auf Ihrem Boot haben.<\/p>\n","protected":false},"excerpt":{"rendered":"<p>Neues Vorsegel f\u00fcr Jantar 23, Fock &amp; Genua II &#8211; vom einfachen Binnen-Dacrontuch bis zum Square Ripstop Dacron im triradialen Schnitt f\u00fcr Club-Regatten<\/p>\n","protected":false},"featured_media":1046,"template":"","meta":[],"product_brand":[],"product_cat":[23],"product_tag":[],"class_list":{"0":"post-2087","1":"product","2":"type-product","3":"status-publish","4":"has-post-thumbnail","6":"product_cat-jantar-segel","8":"first","9":"instock","10":"taxable","11":"shipping-taxable","12":"purchasable","13":"product-type-variable","14":"wvs-archive-product-wrapper"},"_links":{"self":[{"href":"https:\/\/www.sailservice-germany.de\/en\/wp-json\/wp\/v2\/product\/2087","targetHints":{"allow":["GET"]}}],"collection":[{"href":"https:\/\/www.sailservice-germany.de\/en\/wp-json\/wp\/v2\/product"}],"about":[{"href":"https:\/\/www.sailservice-germany.de\/en\/wp-json\/wp\/v2\/types\/product"}],"wp:featuredmedia":[{"embeddable":true,"href":"https:\/\/www.sailservice-germany.de\/en\/wp-json\/wp\/v2\/media\/1046"}],"wp:attachment":[{"href":"https:\/\/www.sailservice-germany.de\/en\/wp-json\/wp\/v2\/media?parent=2087"}],"wp:term":[{"taxonomy":"product_brand","embeddable":true,"href":"https:\/\/www.sailservice-germany.de\/en\/wp-json\/wp\/v2\/product_brand?post=2087"},{"taxonomy":"product_cat","embeddable":true,"href":"https:\/\/www.sailservice-germany.de\/en\/wp-json\/wp\/v2\/product_cat?post=2087"},{"taxonomy":"product_tag","embeddable":true,"href":"https:\/\/www.sailservice-germany.de\/en\/wp-json\/wp\/v2\/product_tag?post=2087"}],"curies":[{"name":"wp","href":"https:\/\/api.w.org\/{rel}","templated":true}]}}