{"id":2063,"date":"2020-05-03T18:36:24","date_gmt":"2020-05-03T16:36:24","guid":{"rendered":"https:\/\/www.sailservice-germany.de\/?post_type=product&#038;p=2063"},"modified":"2026-01-07T09:08:37","modified_gmt":"2026-01-07T08:08:37","slug":"baumpersenning-jantar-21","status":"publish","type":"product","link":"https:\/\/www.sailservice-germany.de\/en\/produkt\/baumpersenning-jantar-21\/","title":{"rendered":"Baumpersenning 3,1m passend f\u00fcr Jantar 21, SUNBRELLA\u00ae"},"content":{"rendered":"<p>Die passende Baumpersenning f\u00fcr die Jantar 21.<\/p>\n<p>Gesamtl\u00e4nge ca. 3,1m<\/p>\n<p>Mastumfang ca. 40cm<\/p>\n<p>Bitte gleichen Sie diese Ma\u00dfe unbedingt noch einmal mit Ihrem Boot ab, bevor Sie bestellen!<\/p>\n<p>&nbsp;<\/p>\n<p><strong>Material:<\/strong><\/p>\n<p>SUNBRELLA\u00ae<\/p>\n<div data-subtree=\"aimfl,mfl\" data-processed=\"true\">Sunbrella ist ein hochwertiger, langlebiger Marine-Stoff aus durchgef\u00e4rbtem Polyacryl (spinnd\u00fcsengef\u00e4rbt) mit Gewebeoberfl\u00e4che.<\/div>\n<div data-subtree=\"aimfl,mfl\" data-processed=\"true\">UV-best\u00e4ndig, wasserabweisend, schimmelresistent, atmungsaktiv sowie sehr geringe Dehnung. Spezielles Marine-Finish. Oeko Tex Standard 100. 10 Jahre Garantie auf das Sunbrella-Material.<\/div>\n<p>unbeschichtet<\/p>\n<p>Tuchgewicht 300g\/qm<\/p>\n<p>Wassers\u00e4ule &gt;380mm<\/p>\n<p>&nbsp;<\/p>\n<p>hochwertiger YKK Rei\u00dfverschluss am Mast<\/p>\n<p>Die oben gezeigten Farben sehen Sie in unserer\u00a0<a title=\"Farben Persenninge\" href=\"https:\/\/www.sailservice-germany.de\/wp-content\/uploads\/2025\/12\/sunbrella_10.pdf\" target=\"_top\" rel=\"noopener noreferrer\">Musterkarte<\/a>\u00a0noch einmal genauer.<\/p>\n<p>&nbsp;<\/p>\n<p>&nbsp;<\/p>\n<p>&nbsp;<\/p>\n<p style=\"font-weight: 400;\"><strong>Hersteller:<\/strong><\/p>\n<p style=\"font-weight: 400;\">Sail Service sp. z o.o.<br \/>\nul. Siennicka 25c<br \/>\n80-758 Gda\u0144sk<\/p>\n<p style=\"font-weight: 400;\">Polen<\/p>\n<p style=\"font-weight: 400;\"><a href=\"http:\/\/www.sailservice.pl\/\" target=\"_blank\" rel=\"noopener\">www.sailservice.pl<\/a><\/p>\n<p>&nbsp;<\/p>\n<p>&nbsp;<\/p>\n","protected":false},"excerpt":{"rendered":"<p>Baumpersenning f\u00fcr Ihre Jantar 21 in Standardgr\u00f6\u00dfe<\/p>\n","protected":false},"featured_media":992,"template":"","meta":[],"product_brand":[],"product_cat":[23],"product_tag":[],"class_list":{"0":"post-2063","1":"product","2":"type-product","3":"status-publish","4":"has-post-thumbnail","6":"product_cat-jantar-segel","8":"first","9":"instock","10":"taxable","11":"shipping-taxable","12":"purchasable","13":"product-type-variable","14":"wvs-archive-product-wrapper"},"_links":{"self":[{"href":"https:\/\/www.sailservice-germany.de\/en\/wp-json\/wp\/v2\/product\/2063","targetHints":{"allow":["GET"]}}],"collection":[{"href":"https:\/\/www.sailservice-germany.de\/en\/wp-json\/wp\/v2\/product"}],"about":[{"href":"https:\/\/www.sailservice-germany.de\/en\/wp-json\/wp\/v2\/types\/product"}],"wp:featuredmedia":[{"embeddable":true,"href":"https:\/\/www.sailservice-germany.de\/en\/wp-json\/wp\/v2\/media\/992"}],"wp:attachment":[{"href":"https:\/\/www.sailservice-germany.de\/en\/wp-json\/wp\/v2\/media?parent=2063"}],"wp:term":[{"taxonomy":"product_brand","embeddable":true,"href":"https:\/\/www.sailservice-germany.de\/en\/wp-json\/wp\/v2\/product_brand?post=2063"},{"taxonomy":"product_cat","embeddable":true,"href":"https:\/\/www.sailservice-germany.de\/en\/wp-json\/wp\/v2\/product_cat?post=2063"},{"taxonomy":"product_tag","embeddable":true,"href":"https:\/\/www.sailservice-germany.de\/en\/wp-json\/wp\/v2\/product_tag?post=2063"}],"curies":[{"name":"wp","href":"https:\/\/api.w.org\/{rel}","templated":true}]}}