{"id":1889,"date":"2020-04-29T19:37:45","date_gmt":"2020-04-29T17:37:45","guid":{"rendered":"https:\/\/www.sailservice-germany.de\/?post_type=product&#038;p=1889"},"modified":"2026-01-07T09:49:17","modified_gmt":"2026-01-07T08:49:17","slug":"rollfockpersenning-neptun-27","status":"publish","type":"product","link":"https:\/\/www.sailservice-germany.de\/en\/produkt\/rollfockpersenning-neptun-27\/","title":{"rendered":"Rollfockpersenning 8,9m \/ 9,9m passend f\u00fcr Neptun 27, SUNBRELLA\u00ae"},"content":{"rendered":"<p>Die passende Rollfockpersenning f\u00fcr die Neptun 27 mit Mast 8,3m oder 8,7m.\u00a0Die Farbe ist nach <a title=\"Farben Persenninge\" href=\"https:\/\/www.sailservice-germany.de\/wp-content\/uploads\/2025\/12\/sunbrella_10.pdf\" target=\"_top\" rel=\"noopener noreferrer\">Musterkarte<\/a> frei w\u00e4hlbar.<\/p>\n<p>L\u00e4nge der Persenning:<\/p>\n<p>8,3m-Mast &#8211; ca. 8,9m<\/p>\n<p>8,7m-Mast &#8211; ca. 9,9m<\/p>\n<p>&nbsp;<\/p>\n<p><strong>Material:<\/strong><\/p>\n<p>SUNBRELLA\u00ae<\/p>\n<div data-subtree=\"aimfl,mfl\" data-processed=\"true\">Sunbrella ist ein hochwertiger, langlebiger Marine-Stoff aus durchgef\u00e4rbtem Polyacryl (spinnd\u00fcsengef\u00e4rbt) mit Gewebeoberfl\u00e4che.<\/div>\n<div data-subtree=\"aimfl,mfl\" data-processed=\"true\">UV-best\u00e4ndig, wasserabweisend, schimmelresistent, atmungsaktiv sowie sehr geringe Dehnung. Spezielles Marine-Finish. Oeko Tex Standard 100. 10 Jahre Garantie auf das Sunbrella-Material.<\/div>\n<p>unbeschichtet<\/p>\n<p>Tuchgewicht 300g\/qm<\/p>\n<p>Wassers\u00e4ule &gt;380mm<\/p>\n<p>hochwertiger YKK Rei\u00dfverschluss<\/p>\n<p>Kreuzschn\u00fcrung &amp; Rollensch\u00e4kel zur F\u00fchrung der Leinen<\/p>\n<p>&nbsp;<\/p>\n<p>&nbsp;<\/p>\n<p>&nbsp;<\/p>\n<p style=\"font-weight: 400;\"><strong>Hersteller:<\/strong><\/p>\n<p style=\"font-weight: 400;\">Sail Service sp. z o.o.<br \/>\nul. Siennicka 25c<br \/>\n80-758 Gda\u0144sk<\/p>\n<p style=\"font-weight: 400;\">Polen<\/p>\n<p style=\"font-weight: 400;\"><a href=\"http:\/\/www.sailservice.pl\/\" target=\"_blank\" rel=\"noopener\">www.sailservice.pl<\/a><\/p>\n","protected":false},"excerpt":{"rendered":"<p>Rollfockpersenning f\u00fcr Neptun 27 in Standardgr\u00f6\u00dfe<\/p>\n","protected":false},"featured_media":1032,"template":"","meta":[],"product_brand":[],"product_cat":[22],"product_tag":[],"class_list":{"0":"post-1889","1":"product","2":"type-product","3":"status-publish","4":"has-post-thumbnail","6":"product_cat-neptun-segel","8":"first","9":"instock","10":"taxable","11":"shipping-taxable","12":"purchasable","13":"product-type-variable","14":"wvs-archive-product-wrapper"},"_links":{"self":[{"href":"https:\/\/www.sailservice-germany.de\/en\/wp-json\/wp\/v2\/product\/1889","targetHints":{"allow":["GET"]}}],"collection":[{"href":"https:\/\/www.sailservice-germany.de\/en\/wp-json\/wp\/v2\/product"}],"about":[{"href":"https:\/\/www.sailservice-germany.de\/en\/wp-json\/wp\/v2\/types\/product"}],"wp:featuredmedia":[{"embeddable":true,"href":"https:\/\/www.sailservice-germany.de\/en\/wp-json\/wp\/v2\/media\/1032"}],"wp:attachment":[{"href":"https:\/\/www.sailservice-germany.de\/en\/wp-json\/wp\/v2\/media?parent=1889"}],"wp:term":[{"taxonomy":"product_brand","embeddable":true,"href":"https:\/\/www.sailservice-germany.de\/en\/wp-json\/wp\/v2\/product_brand?post=1889"},{"taxonomy":"product_cat","embeddable":true,"href":"https:\/\/www.sailservice-germany.de\/en\/wp-json\/wp\/v2\/product_cat?post=1889"},{"taxonomy":"product_tag","embeddable":true,"href":"https:\/\/www.sailservice-germany.de\/en\/wp-json\/wp\/v2\/product_tag?post=1889"}],"curies":[{"name":"wp","href":"https:\/\/api.w.org\/{rel}","templated":true}]}}