{"id":1823,"date":"2020-04-29T16:42:53","date_gmt":"2020-04-29T14:42:53","guid":{"rendered":"https:\/\/www.sailservice-germany.de\/?post_type=product&#038;p=1823"},"modified":"2026-01-07T08:35:34","modified_gmt":"2026-01-07T07:35:34","slug":"rollfockpersenning-neptun-22","status":"publish","type":"product","link":"https:\/\/www.sailservice-germany.de\/en\/produkt\/rollfockpersenning-neptun-22\/","title":{"rendered":"Rollfockpersenning 7,5m \/ 8,20m passend f\u00fcr Neptun 22, SUNBRELLA\u00ae"},"content":{"rendered":"<p>Die passende Rollfockpersenning f\u00fcr die Neptun 22 mit goldenem oder schwarzem\u00a0Mast.\u00a0Die Farbe ist nach <a title=\"Farben Persenninge\" href=\"https:\/\/www.sailservice-germany.de\/wp-content\/uploads\/2025\/12\/sunbrella_10.pdf\" target=\"_top\" rel=\"noopener noreferrer\">Musterkarte<\/a> frei w\u00e4hlbar.<\/p>\n<p>L\u00e4nge der Persenning:<\/p>\n<p>goldender Mast ca. 7,5m<\/p>\n<p>schwarzer Mast ca. 8,20m<\/p>\n<p>&nbsp;<\/p>\n<p><strong>Material:<\/strong><\/p>\n<p>SUNBRELLA\u00ae<\/p>\n<div data-subtree=\"aimfl,mfl\" data-processed=\"true\">Sunbrella ist ein hochwertiger, langlebiger Marine-Stoff aus durchgef\u00e4rbtem Polyacryl (spinnd\u00fcsengef\u00e4rbt) mit Gewebeoberfl\u00e4che.<\/div>\n<div data-subtree=\"aimfl,mfl\" data-processed=\"true\">UV-best\u00e4ndig, wasserabweisend, schimmelresistent, atmungsaktiv sowie sehr geringe Dehnung. Spezielles Marine-Finish. Oeko Tex Standard 100. 10 Jahre Garantie auf das Sunbrella-Material.<\/div>\n<p>unbeschichtet<\/p>\n<p>Tuchgewicht 300g\/qm<\/p>\n<p>Wassers\u00e4ule &gt;380mm<\/p>\n<p>hochwertiger YKK Rei\u00dfverschluss<\/p>\n<p>&nbsp;<\/p>\n<p>&nbsp;<\/p>\n<p>Neptun 22 (gold): Kreuzschn\u00fcrung der Leinen durch \u00d6sen (ohne Rollensch\u00e4kel)<\/p>\n<p>Neptun 22 (schwarz): Rollensch\u00e4kel zur F\u00fchrung der Leinen &#8211; wie auf den Fotos abgebildet<\/p>\n<p>&nbsp;<\/p>\n<p>&nbsp;<\/p>\n<p>&nbsp;<\/p>\n<p style=\"font-weight: 400;\"><strong>Hersteller:<\/strong><\/p>\n<p style=\"font-weight: 400;\">Sail Service sp. z o.o.<br \/>\nul. Siennicka 25c<br \/>\n80-758 Gda\u0144sk<\/p>\n<p style=\"font-weight: 400;\">Polen<\/p>\n<p style=\"font-weight: 400;\"><a href=\"http:\/\/www.sailservice.pl\/\" target=\"_blank\" rel=\"noopener\">www.sailservice.pl<\/a><\/p>\n","protected":false},"excerpt":{"rendered":"<p>Rollfockpersenning f\u00fcr Neptun 22 in Standardgr\u00f6\u00dfe<\/p>\n","protected":false},"featured_media":1032,"template":"","meta":[],"product_brand":[],"product_cat":[22],"product_tag":[],"class_list":{"0":"post-1823","1":"product","2":"type-product","3":"status-publish","4":"has-post-thumbnail","6":"product_cat-neptun-segel","8":"first","9":"instock","10":"taxable","11":"shipping-taxable","12":"purchasable","13":"product-type-variable","14":"wvs-archive-product-wrapper"},"_links":{"self":[{"href":"https:\/\/www.sailservice-germany.de\/en\/wp-json\/wp\/v2\/product\/1823","targetHints":{"allow":["GET"]}}],"collection":[{"href":"https:\/\/www.sailservice-germany.de\/en\/wp-json\/wp\/v2\/product"}],"about":[{"href":"https:\/\/www.sailservice-germany.de\/en\/wp-json\/wp\/v2\/types\/product"}],"wp:featuredmedia":[{"embeddable":true,"href":"https:\/\/www.sailservice-germany.de\/en\/wp-json\/wp\/v2\/media\/1032"}],"wp:attachment":[{"href":"https:\/\/www.sailservice-germany.de\/en\/wp-json\/wp\/v2\/media?parent=1823"}],"wp:term":[{"taxonomy":"product_brand","embeddable":true,"href":"https:\/\/www.sailservice-germany.de\/en\/wp-json\/wp\/v2\/product_brand?post=1823"},{"taxonomy":"product_cat","embeddable":true,"href":"https:\/\/www.sailservice-germany.de\/en\/wp-json\/wp\/v2\/product_cat?post=1823"},{"taxonomy":"product_tag","embeddable":true,"href":"https:\/\/www.sailservice-germany.de\/en\/wp-json\/wp\/v2\/product_tag?post=1823"}],"curies":[{"name":"wp","href":"https:\/\/api.w.org\/{rel}","templated":true}]}}