{"id":170,"date":"2020-02-21T12:22:58","date_gmt":"2020-02-21T11:22:58","guid":{"rendered":"https:\/\/www.sailservice-germany.de\/?post_type=product&#038;p=170"},"modified":"2025-12-23T17:15:51","modified_gmt":"2025-12-23T16:15:51","slug":"grosssegel-neptun-22","status":"publish","type":"product","link":"https:\/\/www.sailservice-germany.de\/en\/produkt\/grosssegel-neptun-22\/","title":{"rendered":"Gro\u00dfsegel passend f\u00fcr Neptun 22 \u2013 individuell konfigurieren"},"content":{"rendered":"<p><strong>Neues Gro\u00dfsegel passend f\u00fcr Neptun 22 (goldener Mast, 7,3 m oder schwarzer Mast 7,8m)<\/strong><\/p>\n<p>Segelfl\u00e4che 9,4 m2 \/ 10,5m2<\/p>\n<p>Segeltuch:\u00a0<a href=\"https:\/\/www.sailservice-germany.de\/wp-content\/uploads\/2020\/04\/DP_CBreeze_D.pdf\">CBreeze<\/a>\u00a0(Binnen Dacron) oder <a href=\"https:\/\/www.sailservice-germany.de\/wp-content\/uploads\/2020\/04\/DP_AP_D.pdf\">AP<\/a>\u00a0(Premium Dacron K\u00fcste) oder <a href=\"https:\/\/www.sailservice-germany.de\/wp-content\/uploads\/2020\/04\/DP_Square_D.pdf\">Square<\/a> Ripstop Dacron (Performance Cruising) von Dimension Polyant\u00a0(deutscher Hersteller)<\/p>\n<p>Tuchgewicht 241g\/m2, 250g\/m2 oder 245g\/m2<\/p>\n<p>CBreeze &amp; AP = Cross Cut (Horizontalschnitt) \/\/ Square Ripstop = triradialer Schnitt<\/p>\n<p>kurze\u00a0Standardsegellatten<\/p>\n<p>1 Reffreihe<\/p>\n<p>Aluminium Kopfbrett<\/p>\n<p>Mastrutscher<\/p>\n<p>moderner Segelsack<\/p>\n<p>ACHTUNG: Abweichende Ma\u00dfe beim Gro\u00dfsegel f\u00fcr Neptun 22 mit Schneckenreff! Wenn Sie ein Schneckenreff haben, informieren Sie uns bitte bei der Bestellung dar\u00fcber!<\/p>\n<p>&nbsp;<\/p>\n<p><strong>Ma\u00dfe<\/strong> \u2013 bitte unbedingt mit den Liekma\u00dfen Ihres alten Segels abgleichen (Ma\u00dfe im durchgereckten Zustand nehmen) ! Unsere Original-Segelma\u00dfe und Details passen nur, wenn Sie noch das Original-Rigg auf Ihrem Boot haben.<\/p>\n<p><strong>goldener Mast:<\/strong><\/p>\n<p>Segelfl\u00e4che 9,4 m2<br \/>\nVorliek 6,45m<br \/>\nAchterliek 6,95m<br \/>\nUnterliek 2,58m<\/p>\n<p><strong>schwarzer Mast:<\/strong><\/p>\n<p>Segelfl\u00e4che 10,5 m2<br \/>\nVorliek 7,2m<br \/>\nAchterliek 7,55m<br \/>\nUnterliek 2,6m<\/p>\n<p>&nbsp;<\/p>\n<p>&nbsp;<\/p>\n<p>&nbsp;<\/p>\n<p style=\"font-weight: 400;\"><strong>Hersteller:<\/strong><\/p>\n<p style=\"font-weight: 400;\">Sail Service sp. z o.o.<br \/>\nul. Siennicka 25c<br \/>\n80-758 Gda\u0144sk<\/p>\n<p style=\"font-weight: 400;\">Polen<\/p>\n<p style=\"font-weight: 400;\"><a href=\"http:\/\/www.sailservice.pl\/\" target=\"_blank\" rel=\"noopener\">www.sailservice.pl<\/a><\/p>\n","protected":false},"excerpt":{"rendered":"<p>Neues Gro\u00dfsegel f\u00fcr Neptun 22<\/p>\n","protected":false},"featured_media":1027,"template":"","meta":[],"product_brand":[],"product_cat":[22],"product_tag":[],"class_list":{"0":"post-170","1":"product","2":"type-product","3":"status-publish","4":"has-post-thumbnail","6":"product_cat-neptun-segel","8":"first","9":"instock","10":"taxable","11":"shipping-taxable","12":"purchasable","13":"product-type-variable","14":"wvs-archive-product-wrapper"},"_links":{"self":[{"href":"https:\/\/www.sailservice-germany.de\/en\/wp-json\/wp\/v2\/product\/170","targetHints":{"allow":["GET"]}}],"collection":[{"href":"https:\/\/www.sailservice-germany.de\/en\/wp-json\/wp\/v2\/product"}],"about":[{"href":"https:\/\/www.sailservice-germany.de\/en\/wp-json\/wp\/v2\/types\/product"}],"wp:featuredmedia":[{"embeddable":true,"href":"https:\/\/www.sailservice-germany.de\/en\/wp-json\/wp\/v2\/media\/1027"}],"wp:attachment":[{"href":"https:\/\/www.sailservice-germany.de\/en\/wp-json\/wp\/v2\/media?parent=170"}],"wp:term":[{"taxonomy":"product_brand","embeddable":true,"href":"https:\/\/www.sailservice-germany.de\/en\/wp-json\/wp\/v2\/product_brand?post=170"},{"taxonomy":"product_cat","embeddable":true,"href":"https:\/\/www.sailservice-germany.de\/en\/wp-json\/wp\/v2\/product_cat?post=170"},{"taxonomy":"product_tag","embeddable":true,"href":"https:\/\/www.sailservice-germany.de\/en\/wp-json\/wp\/v2\/product_tag?post=170"}],"curies":[{"name":"wp","href":"https:\/\/api.w.org\/{rel}","templated":true}]}}