{"id":1494,"date":"2020-04-09T18:10:59","date_gmt":"2020-04-09T16:10:59","guid":{"rendered":"https:\/\/www.sailservice-germany.de\/?post_type=product&#038;p=1494"},"modified":"2025-01-20T14:12:05","modified_gmt":"2025-01-20T13:12:05","slug":"aquamot-massgefertigter-ausgleichskeil","status":"publish","type":"product","link":"https:\/\/www.sailservice-germany.de\/en\/produkt\/aquamot-massgefertigter-ausgleichskeil\/","title":{"rendered":"Aquamot ma\u00dfgefertigter Ausgleichskeil"},"content":{"rendered":"<p>Flanschmotoren sollen parallel zur Wasseroberfl\u00e4che montiert werden. Daf\u00fcr werden von Aquamot diese ma\u00dfgefertigen Ausgleichskeile angeboten, welche zugleich schwingungsd\u00e4mpfend sind.<\/p>\n<p>Bis max. 50mm H\u00f6he<\/p>\n<p>&nbsp;<\/p>\n<p>&nbsp;<\/p>\n<p><strong>Hersteller:<\/strong><\/p>\n<p>Aquamot GmbH<\/p>\n<p>Heroalstra\u00dfe 5<br \/>\nA-4870 V\u00f6cklamarkt<\/p>\n<p>www.aquamot.at<\/p>\n","protected":false},"excerpt":{"rendered":"<h4 class=\"fn\">ma\u00dfgefertigter Ausgleichskeil bis 50mm H\u00f6he<\/h4>\n","protected":false},"featured_media":1276,"template":"","meta":[],"product_brand":[],"product_cat":[96,122,123],"product_tag":[],"class_list":{"0":"post-1494","1":"product","2":"type-product","3":"status-publish","4":"has-post-thumbnail","6":"product_cat-aquamot-elektromotoren","7":"product_cat-aquamot-trend-1-1-1-6-pod-antrieb-flanschmotor","8":"product_cat-aquamot-trend-2-2-25-0-pod-antrieb-flanschmotor","10":"first","11":"instock","12":"taxable","13":"shipping-taxable","14":"purchasable","15":"product-type-simple"},"_links":{"self":[{"href":"https:\/\/www.sailservice-germany.de\/en\/wp-json\/wp\/v2\/product\/1494","targetHints":{"allow":["GET"]}}],"collection":[{"href":"https:\/\/www.sailservice-germany.de\/en\/wp-json\/wp\/v2\/product"}],"about":[{"href":"https:\/\/www.sailservice-germany.de\/en\/wp-json\/wp\/v2\/types\/product"}],"wp:featuredmedia":[{"embeddable":true,"href":"https:\/\/www.sailservice-germany.de\/en\/wp-json\/wp\/v2\/media\/1276"}],"wp:attachment":[{"href":"https:\/\/www.sailservice-germany.de\/en\/wp-json\/wp\/v2\/media?parent=1494"}],"wp:term":[{"taxonomy":"product_brand","embeddable":true,"href":"https:\/\/www.sailservice-germany.de\/en\/wp-json\/wp\/v2\/product_brand?post=1494"},{"taxonomy":"product_cat","embeddable":true,"href":"https:\/\/www.sailservice-germany.de\/en\/wp-json\/wp\/v2\/product_cat?post=1494"},{"taxonomy":"product_tag","embeddable":true,"href":"https:\/\/www.sailservice-germany.de\/en\/wp-json\/wp\/v2\/product_tag?post=1494"}],"curies":[{"name":"wp","href":"https:\/\/api.w.org\/{rel}","templated":true}]}}