{"id":1384,"date":"2020-04-08T15:58:04","date_gmt":"2020-04-08T13:58:04","guid":{"rendered":"https:\/\/www.sailservice-germany.de\/?post_type=product&#038;p=1384"},"modified":"2025-12-23T16:58:49","modified_gmt":"2025-12-23T15:58:49","slug":"grosssegel-neptun-27","status":"publish","type":"product","link":"https:\/\/www.sailservice-germany.de\/en\/produkt\/grosssegel-neptun-27\/","title":{"rendered":"Gro\u00dfsegel 10,3m2 \/ 12,2m2 passend f\u00fcr Neptun 27"},"content":{"rendered":"<p>Neues Gro\u00dfsegel passend f\u00fcr Neptun 27 (Mast, 8,3 m oder Mast 8,7m)<\/p>\n<p>Segelfl\u00e4che: 10,3m2 \/ 12,2m2<\/p>\n<p>Cruising Segeltuch:\u00a0<a href=\"https:\/\/www.sailservice-germany.de\/wp-content\/uploads\/2020\/04\/DP_CBreeze_D.pdf\">CBreeze<\/a> oder <a href=\"https:\/\/www.sailservice-germany.de\/wp-content\/uploads\/2020\/04\/DP_AP_D.pdf\">AP<\/a> von Dimension Polyant\u00a0(deutscher Hersteller)<\/p>\n<p>Tuchgewicht 271g\/m2 oder 280g\/m2<\/p>\n<p>Cross Cut (Horizontalschnitt)<\/p>\n<p>kurze\u00a0Standardsegellatten<\/p>\n<p>1 Reffreihe<\/p>\n<p>Aluminium Kopfbrett<\/p>\n<p>Mastrutscher<\/p>\n<p>moderner Segelsack<\/p>\n<p>&nbsp;<\/p>\n<p>Ma\u00dfe \u2013 bitte unbedingt mit den Liekma\u00dfen Ihres alten Segels oder mit Ihrem Rigg abgleichen (Ma\u00dfe im maximal durchgereckten Zustand nehmen) ! Unsere Original-Segelma\u00dfe und Details passen nur, wenn Sie noch das Original-Rigg auf Ihrem Boot haben.<\/p>\n<p>&nbsp;<\/p>\n<p>&nbsp;<\/p>\n<p>&nbsp;<\/p>\n<p style=\"font-weight: 400;\"><strong>Hersteller:<\/strong><\/p>\n<p style=\"font-weight: 400;\">Sail Service sp. z o.o.<br \/>\nul. Siennicka 25c<br \/>\n80-758 Gda\u0144sk<\/p>\n<p style=\"font-weight: 400;\">Polen<\/p>\n<p style=\"font-weight: 400;\"><a href=\"http:\/\/www.sailservice.pl\/\" target=\"_blank\" rel=\"noopener\">www.sailservice.pl<\/a><\/p>\n","protected":false},"excerpt":{"rendered":"<p>Neues Gro\u00dfsegel f\u00fcr Neptun 27<\/p>\n","protected":false},"featured_media":1027,"template":"","meta":[],"product_brand":[],"product_cat":[22],"product_tag":[],"class_list":{"0":"post-1384","1":"product","2":"type-product","3":"status-publish","4":"has-post-thumbnail","6":"product_cat-neptun-segel","8":"first","9":"instock","10":"taxable","11":"shipping-taxable","12":"purchasable","13":"product-type-variable","14":"wvs-archive-product-wrapper"},"_links":{"self":[{"href":"https:\/\/www.sailservice-germany.de\/en\/wp-json\/wp\/v2\/product\/1384","targetHints":{"allow":["GET"]}}],"collection":[{"href":"https:\/\/www.sailservice-germany.de\/en\/wp-json\/wp\/v2\/product"}],"about":[{"href":"https:\/\/www.sailservice-germany.de\/en\/wp-json\/wp\/v2\/types\/product"}],"wp:featuredmedia":[{"embeddable":true,"href":"https:\/\/www.sailservice-germany.de\/en\/wp-json\/wp\/v2\/media\/1027"}],"wp:attachment":[{"href":"https:\/\/www.sailservice-germany.de\/en\/wp-json\/wp\/v2\/media?parent=1384"}],"wp:term":[{"taxonomy":"product_brand","embeddable":true,"href":"https:\/\/www.sailservice-germany.de\/en\/wp-json\/wp\/v2\/product_brand?post=1384"},{"taxonomy":"product_cat","embeddable":true,"href":"https:\/\/www.sailservice-germany.de\/en\/wp-json\/wp\/v2\/product_cat?post=1384"},{"taxonomy":"product_tag","embeddable":true,"href":"https:\/\/www.sailservice-germany.de\/en\/wp-json\/wp\/v2\/product_tag?post=1384"}],"curies":[{"name":"wp","href":"https:\/\/api.w.org\/{rel}","templated":true}]}}