{"id":1294,"date":"2020-04-07T15:12:05","date_gmt":"2020-04-07T13:12:05","guid":{"rendered":"https:\/\/www.sailservice-germany.de\/?post_type=product&#038;p=1294"},"modified":"2026-02-26T08:56:52","modified_gmt":"2026-02-26T07:56:52","slug":"aquamot-trend-2-2-aussenbordmotor","status":"publish","type":"product","link":"https:\/\/www.sailservice-germany.de\/en\/produkt\/aquamot-trend-2-2-aussenbordmotor\/","title":{"rendered":"Aquamot Trend 2.2 \u2013 25.0 Au\u00dfenbordmotor"},"content":{"rendered":"<ul>\n<li>\u00dcberlegene Schubkraft &#8211; kein anderer Motor dieser Leistungsklasse schiebt st\u00e4rker als diese Au\u00dfenborder<\/li>\n<li>Unerreichte Laufruhe durch Direktantrieb &#8211; kein hochfrequentes Surren<\/li>\n<li>H\u00f6chster Komfort &#8211; intelligenter Bordcomputer und h\u00f6henverstellbare Pinne<\/li>\n<li>Unerreichte Langlebigkeit des Antriebsstranges durch Verwendung hochfester Werkstoffe<\/li>\n<li>F\u00fcr Pinnensteuerung oder Fernlenkung erh\u00e4ltlich<\/li>\n<li>B\u00fcrstenlose Motortechnologie<\/li>\n<li>Manuell trimm- und hochklappbar<\/li>\n<li>Langschaft 75cm<\/li>\n<\/ul>\n<p><strong>Wie lange kann man mit dem Trend 2,2\u00a0mit 2 Aquamot ALS Batterien 12V \/ 260Ah fahren?<\/strong><\/p>\n<p>Teillast \u00a0 \u00a010h \/\u00a0Halblast \u00a05,5h \/\u00a0Vollast\u00a0\u00a0\u00a0\u00a0 2,25min<\/p>\n<p><strong>Lieferumfang:<\/strong><\/p>\n<p>Lieferumfang:<\/p>\n<p>&#8211; Motor inkl. Propeller<\/p>\n<p>&#8211; Bordcomputer<\/p>\n<p>&#8211; Fahrhebel<\/p>\n<p>&#8211; Not-Aus Rei\u00dfband<\/p>\n<p>&#8211; Kabell\u00e4ngen: 3m Hauptleitungen, 30cm Batterieb\u00fcgel, 6m zum Display &amp; Fahrhebel<\/p>\n<p>&#8211; Lieferung ohne Batterien und Ladeger\u00e4t<\/p>\n","protected":false},"excerpt":{"rendered":"<p>Aquamot Trend Au\u00dfenbordmotor &#8211; Modelle 2.2 &#8211; 25.0<\/p>\n","protected":false},"featured_media":1275,"template":"","meta":[],"product_brand":[],"product_cat":[96,121],"product_tag":[],"class_list":{"0":"post-1294","1":"product","2":"type-product","3":"status-publish","4":"has-post-thumbnail","6":"product_cat-aquamot-elektromotoren","7":"product_cat-aquamot-trend-aussenbordmotor","9":"first","10":"instock","11":"taxable","12":"shipping-taxable","13":"purchasable","14":"product-type-variable","15":"wvs-archive-product-wrapper"},"_links":{"self":[{"href":"https:\/\/www.sailservice-germany.de\/en\/wp-json\/wp\/v2\/product\/1294","targetHints":{"allow":["GET"]}}],"collection":[{"href":"https:\/\/www.sailservice-germany.de\/en\/wp-json\/wp\/v2\/product"}],"about":[{"href":"https:\/\/www.sailservice-germany.de\/en\/wp-json\/wp\/v2\/types\/product"}],"wp:featuredmedia":[{"embeddable":true,"href":"https:\/\/www.sailservice-germany.de\/en\/wp-json\/wp\/v2\/media\/1275"}],"wp:attachment":[{"href":"https:\/\/www.sailservice-germany.de\/en\/wp-json\/wp\/v2\/media?parent=1294"}],"wp:term":[{"taxonomy":"product_brand","embeddable":true,"href":"https:\/\/www.sailservice-germany.de\/en\/wp-json\/wp\/v2\/product_brand?post=1294"},{"taxonomy":"product_cat","embeddable":true,"href":"https:\/\/www.sailservice-germany.de\/en\/wp-json\/wp\/v2\/product_cat?post=1294"},{"taxonomy":"product_tag","embeddable":true,"href":"https:\/\/www.sailservice-germany.de\/en\/wp-json\/wp\/v2\/product_tag?post=1294"}],"curies":[{"name":"wp","href":"https:\/\/api.w.org\/{rel}","templated":true}]}}