{"id":1126,"date":"2020-04-04T15:48:22","date_gmt":"2020-04-04T13:48:22","guid":{"rendered":"https:\/\/www.sailservice-germany.de\/?post_type=product&#038;p=1126"},"modified":"2026-01-04T11:11:43","modified_gmt":"2026-01-04T10:11:43","slug":"spinnaker-in-standardgroessen-einfarbig-3-standardfarben","status":"publish","type":"product","link":"https:\/\/www.sailservice-germany.de\/en\/produkt\/spinnaker-in-standardgroessen-einfarbig-3-standardfarben\/","title":{"rendered":"Spinnaker 46m2 bis 120m2 \u2013 einfarbig \u2013 in 3 Standardfarben: wei\u00df, blau oder rot"},"content":{"rendered":"<p>Symmetrischer Spinnaker in Standardgr\u00f6\u00dfen\u00a0f\u00fcr Raum- und Vorwindkurse (ca. 100\u00b0 bis 180\u00b0 scheinbarer Windwinkel) optimiert<\/p>\n<p>Leichtwindgennaker &#8211; bis ca. 20 Knoten Wind geeignet<\/p>\n<p>&nbsp;<\/p>\n<p><strong>Material:<\/strong>\u00a0hochwertiges Spinnakertuch &#8211; je nach Segelgr\u00f6\u00dfe <a href=\"https:\/\/www.sailservice-germany.de\/wp-content\/uploads\/2020\/04\/contendersailcloth_spinnakersuperlite-superkote-gbr.pdf\">Superkote 75<\/a> oder <a href=\"https:\/\/www.sailservice-germany.de\/wp-content\/uploads\/2020\/04\/contendersailcloth_spinnakernylite-maxilite-ger.pdf\">Maxilite 150<\/a> von Contender (Marktf\u00fchrer f\u00fcr Spinnakertuche, Holland)<\/p>\n<p>&#8211; Tuchgewicht: 40g\/m2 (bis 55m2 Segelfl\u00e4che) oder 75g\/m2 (\u00fcber 55m2 Segelfl\u00e4che)<\/p>\n<p>&#8211; triradialer Schnitt<\/p>\n<p>&#8211; radiale Eckverst\u00e4rkungen<\/p>\n<p>&#8211; verschiedenfarbige Lieken<\/p>\n<p>&#8211; moderner Segelsack<\/p>\n<p>&#8211; einfarbig<\/p>\n<p>&#8211; in 3 Standardfarben einfarbig: <strong>wei\u00df, rot, dunkelblau<\/strong>\u00a0(<a title=\"Contender Farben\" href=\"https:\/\/www.sailservice-germany.de\/wp-content\/uploads\/2020\/04\/Contender-Farben-SpinnakerGennaker.jpeg\" target=\"_top\" rel=\"noopener noreferrer\">Farbmusterkarte<\/a> von Contender)<\/p>\n<p>&nbsp;<\/p>\n<p>Bestellung mit oder ohne passenden <a href=\"https:\/\/www.sailservice-germany.de\/produkt\/bergeschlauch-fuer-gennaker-spinnaker-blister\/\"><strong>Bergeschlauch<\/strong><\/a> m\u00f6glich:<\/p>\n<p><b>&#8211; <\/b>Material: Weathermaxx 65 (uv-best\u00e4ndiges &amp; rei\u00dffestes Polymer) unten + oben<\/p>\n<p>&#8211; d\u00fcnnes flexibles Polyestermaterial f\u00fcr den Schlauch dazwischen<\/p>\n<p>&#8211; stabile und hochwertige Zubeh\u00f6rteile<\/p>\n<p>&#8211; passgenau f\u00fcr Ihren bestellten Gennaker<\/p>\n<p>&#8211; komplett mit allen Bedienteilen &#8211; bereit zum Einsatz<\/p>\n<p>&#8211; Farben zur Auswahl: wei\u00df, grau, blau (Trichter immer wei\u00df)<\/p>\n<p>&nbsp;<\/p>\n<div id=\"cc-m-7564027581\" class=\"j-module n j-text \">\n<p><strong>ACHTUNG:<\/strong><\/p>\n<p>Ma\u00df I Spinnaker\u00a0= Ma\u00df vom Spifall oben bis zum Mastfuss ist ausschlaggebend (siehe Gr\u00f6\u00dfentabelle) =&gt; bei Verwendung mit einem Bergeschlauch bitte Ihr gemessenes Ma\u00df I um ca. 10cm k\u00fcrzen<\/p>\n<p>&nbsp;<\/p>\n<p><strong>\u00dcbersicht der Gr\u00f6\u00dfen:<\/strong><\/p>\n<\/div>\n<div id=\"cc-m-7564031281\" class=\"j-module n j-table \">\n<table class=\"mceEditable\" border=\"0\" width=\"667\" cellspacing=\"0\" cellpadding=\"3\" align=\"\">\n<tbody>\n<tr>\n<td><strong>Nr.<\/strong><\/td>\n<td><strong>Gr\u00f6\u00dfe<\/strong><\/td>\n<td><strong>Seitenliek<\/strong><\/td>\n<td><strong>Unterliek<\/strong><\/td>\n<td><strong>Ma\u00df Mastfu\u00df bis Spinnakerfall<\/strong><\/td>\n<\/tr>\n<tr>\n<td>S1<\/td>\n<td>46m2<\/td>\n<td>9,20m<\/td>\n<td>5,20m<\/td>\n<td>9, &#8211; 9,5m<\/td>\n<\/tr>\n<tr>\n<td>S2<\/td>\n<td>52m2<\/td>\n<td>9,80m<\/td>\n<td>5,52m<\/td>\n<td>9,6 &#8211; 10,1m<\/td>\n<\/tr>\n<tr>\n<td>S3<\/td>\n<td>60m2<\/td>\n<td>10,50m<\/td>\n<td>5,90m<\/td>\n<td>10,2 &#8211; 10,8m<\/td>\n<\/tr>\n<tr>\n<td>S4<\/td>\n<td>68m2<\/td>\n<td>11,20m<\/td>\n<td>6,27m<\/td>\n<td>10,9 &#8211; 11,6m<\/td>\n<\/tr>\n<tr>\n<td>S5<\/td>\n<td>77m2<\/td>\n<td>11,90m<\/td>\n<td>6,63m<\/td>\n<td>11,6 &#8211; 12,3m<\/td>\n<\/tr>\n<tr>\n<td>S6<\/td>\n<td>85m2<\/td>\n<td>12,60m<\/td>\n<td>6,88m<\/td>\n<td>12,3 &#8211; 13,0m<\/td>\n<\/tr>\n<tr>\n<td>S7<\/td>\n<td>97m2<\/td>\n<td>13,40m<\/td>\n<td>7,48m<\/td>\n<td>12,9 &#8211; 13,9m<\/td>\n<\/tr>\n<tr>\n<td>S8<\/td>\n<td>107m2<\/td>\n<td>14,20m<\/td>\n<td>7,71m<\/td>\n<td>13,7 &#8211; 14,7m<\/td>\n<\/tr>\n<tr>\n<td>S9<\/td>\n<td>120m2<\/td>\n<td>15,00m<\/td>\n<td>8,18m<\/td>\n<td>14,5 &#8211; 15,5m<\/td>\n<\/tr>\n<tr>\n<td><\/td>\n<td><\/td>\n<td><\/td>\n<td><\/td>\n<td><\/td>\n<\/tr>\n<tr>\n<td><\/td>\n<td><\/td>\n<td><\/td>\n<td><\/td>\n<td><\/td>\n<\/tr>\n<\/tbody>\n<\/table>\n<\/div>\n<div id=\"cc-m-7564017481\" class=\"j-module n j-table \">Wir fertigen nat\u00fcrlich auch <strong>individuell auf Ihre Bootsma\u00dfe abgestimmte Spinnaker<\/strong> f\u00fcr Sie an \u2013 mit oder ohne passenden Bergeschlauch. Fragen Sie Ihren\u00a0<a title=\"Schnellanfrage\" href=\"https:\/\/www.sailservice-germany.de\/schnellanfrage\/\"><strong>individuellen Spinnaker\u00a0<\/strong><\/a>mit Ihren Bootsma\u00dfen hier an.<\/div>\n<div><\/div>\n<div><\/div>\n<div><\/div>\n<div>\n<p style=\"font-weight: 400;\"><strong>Hersteller:<\/strong><\/p>\n<p style=\"font-weight: 400;\">Sail Service sp. z o.o.<br \/>\nul. Siennicka 25c<br \/>\n80-758 Gda\u0144sk<\/p>\n<p style=\"font-weight: 400;\">Polen<\/p>\n<p style=\"font-weight: 400;\"><a href=\"http:\/\/www.sailservice.pl\/\" target=\"_blank\" rel=\"noopener\">www.sailservice.pl<\/a><\/p>\n<\/div>\n","protected":false},"excerpt":{"rendered":"<p>Einfarbiger Spinnaker in rot, blau oder wei\u00df<\/p>\n","protected":false},"featured_media":1038,"template":"","meta":[],"product_brand":[],"product_cat":[20],"product_tag":[],"class_list":{"0":"post-1126","1":"product","2":"type-product","3":"status-publish","4":"has-post-thumbnail","6":"product_cat-spinnaker-standardgroessen","8":"first","9":"instock","10":"taxable","11":"shipping-taxable","12":"purchasable","13":"product-type-variable","14":"wvs-archive-product-wrapper"},"_links":{"self":[{"href":"https:\/\/www.sailservice-germany.de\/en\/wp-json\/wp\/v2\/product\/1126","targetHints":{"allow":["GET"]}}],"collection":[{"href":"https:\/\/www.sailservice-germany.de\/en\/wp-json\/wp\/v2\/product"}],"about":[{"href":"https:\/\/www.sailservice-germany.de\/en\/wp-json\/wp\/v2\/types\/product"}],"wp:featuredmedia":[{"embeddable":true,"href":"https:\/\/www.sailservice-germany.de\/en\/wp-json\/wp\/v2\/media\/1038"}],"wp:attachment":[{"href":"https:\/\/www.sailservice-germany.de\/en\/wp-json\/wp\/v2\/media?parent=1126"}],"wp:term":[{"taxonomy":"product_brand","embeddable":true,"href":"https:\/\/www.sailservice-germany.de\/en\/wp-json\/wp\/v2\/product_brand?post=1126"},{"taxonomy":"product_cat","embeddable":true,"href":"https:\/\/www.sailservice-germany.de\/en\/wp-json\/wp\/v2\/product_cat?post=1126"},{"taxonomy":"product_tag","embeddable":true,"href":"https:\/\/www.sailservice-germany.de\/en\/wp-json\/wp\/v2\/product_tag?post=1126"}],"curies":[{"name":"wp","href":"https:\/\/api.w.org\/{rel}","templated":true}]}}