{"id":1103,"date":"2020-04-04T15:24:04","date_gmt":"2020-04-04T13:24:04","guid":{"rendered":"https:\/\/www.sailservice-germany.de\/?post_type=product&#038;p=1103"},"modified":"2026-01-04T10:32:34","modified_gmt":"2026-01-04T09:32:34","slug":"a1-runner-gennaker-in-standardgroessen-individuelles-design-freie-farbwahl","status":"publish","type":"product","link":"https:\/\/www.sailservice-germany.de\/en\/produkt\/a1-runner-gennaker-in-standardgroessen-individuelles-design-freie-farbwahl\/","title":{"rendered":"A1 Runner Gennaker 37m2 bis 118m2 \u2013 individuelles Design \u2013 freie Farbwahl \u2013 bis zu 3 Farben"},"content":{"rendered":"<p>A1 Gennaker in Standardgr\u00f6\u00dfen\u00a0f\u00fcr Raumwindkurse (ca. 90\u00b0 bis 170\u00b0 scheinbarer Windwinkel) optimiert<\/p>\n<p>Leichtwindgennaker &#8211; bis ca. 20 Knoten Wind geeignet<\/p>\n<p>&nbsp;<\/p>\n<p><strong>Material:<\/strong>\u00a0hochwertiges Spinnakertuch &#8211; je nach Segelgr\u00f6\u00dfe <a href=\"https:\/\/www.sailservice-germany.de\/wp-content\/uploads\/2020\/04\/contendersailcloth_spinnakersuperlite-superkote-gbr.pdf\">Superkote 75<\/a> oder <a href=\"https:\/\/www.sailservice-germany.de\/wp-content\/uploads\/2020\/04\/contendersailcloth_spinnakernylite-maxilite-ger.pdf\">Maxilite 150<\/a> von Contender (Marktf\u00fchrer f\u00fcr Spinnakertuche, Holland)<\/p>\n<p>&#8211; Tuchgewicht: 40g\/m2 (bis 50m2 Segelfl\u00e4che) oder 75g\/m2 (\u00fcber 50m2 Segelfl\u00e4che)<\/p>\n<p>&#8211; triradialer Schnitt<\/p>\n<p>&#8211; radiale Eckverst\u00e4rkungen<\/p>\n<p>&#8211; verschiedenfarbige Lieken<\/p>\n<p>&#8211; moderner Segelsack<\/p>\n<p>&#8211; Design frei w\u00e4hlbar, bis zu 3 verschiedene Farben frei kombinierbar\u00a0(<a href=\"https:\/\/www.sailservice-germany.de\/wp-content\/uploads\/2020\/04\/Contender-Farben-SpinnakerGennaker.jpeg\">Farbmusterkarte<\/a> von Contender) =&gt; die exakte Farbverteilung auf die einzelnen Tuchbahnen legen Sie nach der Kaufabwicklung individuell mit uns per Email fest<\/p>\n<p>&nbsp;<\/p>\n<p>Bestellung mit oder ohne passenden <a href=\"https:\/\/www.sailservice-germany.de\/produkt\/bergeschlauch-fuer-gennaker-spinnaker-blister\/\"><strong>Bergeschlauch<\/strong><\/a> m\u00f6glich:<\/p>\n<p><b>&#8211; <\/b>Material: Weathermaxx 65 (uv-best\u00e4ndiges &amp; rei\u00dffestes Polymer) unten + oben<\/p>\n<p>&#8211; d\u00fcnnes flexibles Polyestermaterial f\u00fcr den Schlauch dazwischen<\/p>\n<p>&#8211; stabile und hochwertige Zubeh\u00f6rteile<\/p>\n<p>&#8211; passgenau f\u00fcr Ihren bestellten Gennaker<\/p>\n<p>&#8211; komplett mit allen Bedienteilen &#8211; bereit zum Einsatz<\/p>\n<p>&#8211; Farben zur Auswahl: wei\u00df, grau, blau (Trichter immer wei\u00df)<\/p>\n<p>&nbsp;<\/p>\n<div id=\"cc-m-7564031981\" class=\"j-module n j-text \">\n<p><strong>\u00dcbersicht der Gr\u00f6\u00dfen:<\/strong><\/p>\n<\/div>\n<div id=\"cc-m-7564017481\" class=\"j-module n j-table \">\n<table class=\"mceEditable\" style=\"height: 804px;\" border=\"0\" width=\"751\" cellspacing=\"0\" cellpadding=\"1\" align=\"\">\n<tbody>\n<tr>\n<td><strong>Nr.<\/strong><\/td>\n<td><strong>Gr\u00f6\u00dfe<\/strong><\/td>\n<td><strong>Vorliek<\/strong><\/td>\n<td><strong>Achterliek<\/strong><\/td>\n<td><strong>Unterliek<\/strong><\/td>\n<td><strong>LP ohne Bergeschlauch<\/strong><\/td>\n<td><strong>LP mit Bergeschlauch<\/strong><\/td>\n<\/tr>\n<tr>\n<td><strong>A1<\/strong><\/td>\n<td>37m2<\/td>\n<td>9,40m<\/td>\n<td>8,44m<\/td>\n<td>5,00m<\/td>\n<td>9,1 &#8211; 9,4m<\/td>\n<td>9,6 &#8211; 9,9m<\/td>\n<\/tr>\n<tr>\n<td><strong>A2<\/strong><\/td>\n<td>40m2<\/td>\n<td>9,75m<\/td>\n<td>8,82m<\/td>\n<td>5,00m<\/td>\n<td>9,4 &#8211; 9,8m<\/td>\n<td>9,8 &#8211; 10,2m<\/td>\n<\/tr>\n<tr>\n<td><strong>A3<\/strong><\/td>\n<td>44m2<\/td>\n<td>10,10m<\/td>\n<td>9,17m<\/td>\n<td>5,36m<\/td>\n<td>9,7 &#8211; 10,2m<\/td>\n<td>10,2 &#8211; 10,7m<\/td>\n<\/tr>\n<tr>\n<td><strong>A4<\/strong><\/td>\n<td>48m2<\/td>\n<td>10,80m<\/td>\n<td>9,36m<\/td>\n<td>5,73m<\/td>\n<td>10,3 &#8211; 10,9m<\/td>\n<td>10,8 &#8211; 11,5m<\/td>\n<\/tr>\n<tr>\n<td><strong>A5<\/strong><\/td>\n<td>57m2<\/td>\n<td>11,50m<\/td>\n<td>10,57m<\/td>\n<td>6,11m<\/td>\n<td>11,0 &#8211; 11,6m<\/td>\n<td>11,6 &#8211; 12,4m<\/td>\n<\/tr>\n<tr>\n<td><strong>A6<\/strong><\/td>\n<td>65m2<\/td>\n<td>12,30m<\/td>\n<td>11,31m<\/td>\n<td>6,53m<\/td>\n<td>11,7 &#8211; 12,4m<\/td>\n<td>12,4 &#8211; 13,0m<\/td>\n<\/tr>\n<tr>\n<td><strong>A7<\/strong><\/td>\n<td>75m2<\/td>\n<td>13,10m<\/td>\n<td>12,17m<\/td>\n<td>6,96m<\/td>\n<td>12,5 &#8211; 13,2m<\/td>\n<td>13,1 &#8211; 13,7m<\/td>\n<\/tr>\n<tr>\n<td><strong>A8<\/strong><\/td>\n<td>83m2<\/td>\n<td>13,80m<\/td>\n<td>12,82m<\/td>\n<td>7,33m<\/td>\n<td>13,2 &#8211; 13,9m<\/td>\n<td>13,8 &#8211; 14,4m<\/td>\n<\/tr>\n<tr>\n<td><strong>A9<\/strong><\/td>\n<td>94m2<\/td>\n<td>14,60m<\/td>\n<td>13,71m<\/td>\n<td>7,75m<\/td>\n<td>13,9 &#8211; 14,8m<\/td>\n<td>14,5 &#8211; 15,3m<\/td>\n<\/tr>\n<tr>\n<td><strong>A10<\/strong><\/td>\n<td>106m2<\/td>\n<td>15,50m<\/td>\n<td>14,56m<\/td>\n<td>8,23m<\/td>\n<td>14,8 &#8211; 15,7m<\/td>\n<td>15,4 &#8211; 16,3m<\/td>\n<\/tr>\n<tr>\n<td><strong>A11<\/strong><\/td>\n<td>118m2<\/td>\n<td>16,40m<\/td>\n<td>15,41m<\/td>\n<td>8,71m<\/td>\n<td>15,7 &#8211; 16,6m<\/td>\n<td>16,4 &#8211; 17,2m<\/td>\n<\/tr>\n<tr>\n<td><\/td>\n<td><\/td>\n<td><\/td>\n<td><\/td>\n<td><\/td>\n<td><\/td>\n<td><\/td>\n<\/tr>\n<tr>\n<td><\/td>\n<td><\/td>\n<td><\/td>\n<td><\/td>\n<td><\/td>\n<td><\/td>\n<td><\/td>\n<\/tr>\n<\/tbody>\n<\/table>\n<p>Wir fertigen nat\u00fcrlich auch <strong>individuell auf Ihre Bootsma\u00dfe abgestimmte Gennaker<\/strong> f\u00fcr Sie an &#8211; <strong>mit passendem Furler<\/strong> zum Aufrollen des Gennakers oder mit Bergeschlauch. Fragen Sie Ihren\u00a0<a title=\"Schnellanfrage\" href=\"https:\/\/www.sailservice-germany.de\/schnellanfrage\/\"><strong>\u00a0individuellen Gennaker\u00a0<\/strong><\/a>mit Ihren Bootsma\u00dfen hier an.<\/p>\n<\/div>\n<p>&nbsp;<\/p>\n<p>&nbsp;<\/p>\n<p style=\"font-weight: 400;\"><strong>Hersteller:<\/strong><\/p>\n<p style=\"font-weight: 400;\">Sail Service sp. z o.o.<br \/>\nul. Siennicka 25c<br \/>\n80-758 Gda\u0144sk<\/p>\n<p style=\"font-weight: 400;\">Polen<\/p>\n<p style=\"font-weight: 400;\"><a href=\"http:\/\/www.sailservice.pl\/\" target=\"_blank\" rel=\"noopener\">www.sailservice.pl<\/a><\/p>\n","protected":false},"excerpt":{"rendered":"<p>Standard-Gennaker A1 (Runner) &#8211; individuelles Farbdesign, freie Farbwahl aus max. 3 Farben<\/p>\n","protected":false},"featured_media":988,"template":"","meta":[],"product_brand":[],"product_cat":[21],"product_tag":[],"class_list":{"0":"post-1103","1":"product","2":"type-product","3":"status-publish","4":"has-post-thumbnail","6":"product_cat-gennaker-standardgroessen","8":"first","9":"instock","10":"taxable","11":"shipping-taxable","12":"purchasable","13":"product-type-variable","14":"wvs-archive-product-wrapper"},"_links":{"self":[{"href":"https:\/\/www.sailservice-germany.de\/en\/wp-json\/wp\/v2\/product\/1103","targetHints":{"allow":["GET"]}}],"collection":[{"href":"https:\/\/www.sailservice-germany.de\/en\/wp-json\/wp\/v2\/product"}],"about":[{"href":"https:\/\/www.sailservice-germany.de\/en\/wp-json\/wp\/v2\/types\/product"}],"wp:featuredmedia":[{"embeddable":true,"href":"https:\/\/www.sailservice-germany.de\/en\/wp-json\/wp\/v2\/media\/988"}],"wp:attachment":[{"href":"https:\/\/www.sailservice-germany.de\/en\/wp-json\/wp\/v2\/media?parent=1103"}],"wp:term":[{"taxonomy":"product_brand","embeddable":true,"href":"https:\/\/www.sailservice-germany.de\/en\/wp-json\/wp\/v2\/product_brand?post=1103"},{"taxonomy":"product_cat","embeddable":true,"href":"https:\/\/www.sailservice-germany.de\/en\/wp-json\/wp\/v2\/product_cat?post=1103"},{"taxonomy":"product_tag","embeddable":true,"href":"https:\/\/www.sailservice-germany.de\/en\/wp-json\/wp\/v2\/product_tag?post=1103"}],"curies":[{"name":"wp","href":"https:\/\/api.w.org\/{rel}","templated":true}]}}