{"id":6137,"date":"2021-12-14T17:31:26","date_gmt":"2021-12-14T16:31:26","guid":{"rendered":"https:\/\/www.sailservice-germany.de\/low-priced-sails-from-the-sailmaker\/"},"modified":"2022-02-18T15:35:03","modified_gmt":"2022-02-18T14:35:03","slug":"low-priced-sails-from-the-sailmaker","status":"publish","type":"page","link":"https:\/\/www.sailservice-germany.de\/en\/","title":{"rendered":"Low-priced sails from the sailmaker"},"content":{"rendered":"<p><div class=\"fusion-fullwidth fullwidth-box fusion-builder-row-1 fusion-flex-container nonhundred-percent-fullwidth non-hundred-percent-height-scrolling\" style=\"--awb-border-radius-top-left:0px;--awb-border-radius-top-right:0px;--awb-border-radius-bottom-right:0px;--awb-border-radius-bottom-left:0px;--awb-flex-wrap:wrap;\" ><div class=\"fusion-builder-row fusion-row fusion-flex-align-items-flex-start fusion-flex-content-wrap\" style=\"max-width:1144px;margin-left: calc(-4% \/ 2 );margin-right: calc(-4% \/ 2 );\"><div class=\"fusion-layout-column fusion_builder_column fusion-builder-column-0 fusion_builder_column_1_1 1_1 fusion-flex-column fusion-no-small-visibility fusion-no-medium-visibility\" style=\"--awb-bg-size:cover;--awb-width-large:100%;--awb-margin-top-large:0px;--awb-spacing-right-large:1.92%;--awb-margin-bottom-large:20px;--awb-spacing-left-large:1.92%;--awb-width-medium:100%;--awb-order-medium:0;--awb-spacing-right-medium:1.92%;--awb-spacing-left-medium:1.92%;--awb-width-small:100%;--awb-order-small:0;--awb-spacing-right-small:1.92%;--awb-spacing-left-small:1.92%;\"><div class=\"fusion-column-wrapper fusion-column-has-shadow fusion-flex-justify-content-flex-start fusion-content-layout-column\"><script type=\"text\/javascript\">jQuery(function() { _initLayerSlider( '#layerslider_2_8zv4x78wkdwd', {createdWith: '6.11.2', sliderVersion: '6.11.2', allowFullscreen: true, pauseOnHover: 'enabled', skin: 'v6', sliderFadeInDuration: 350, navStartStop: false, navButtons: false, showBarTimer: true, showCircleTimer: false, useSrcset: true, skinsPath: 'https:\/\/www.sailservice-germany.de\/wp-content\/plugins\/LayerSlider\/assets\/static\/layerslider\/skins\/', performanceMode: true}); });<\/script><div id=\"layerslider_2_8zv4x78wkdwd\"  class=\"ls-wp-container fitvidsignore ls-selectable\" style=\"width:800px;height:380px;margin:0 auto;margin-bottom: 0px;\"><div class=\"ls-slide\" data-ls=\"duration:7000;transition2d:18;\"><div style=\"top:50%;left:50%;background-size:inherit;background-position:inherit;font-size:18px;\" class=\"ls-l ls-html-layer\" data-ls=\"offsetyin:top;durationin:2000;fadein:false;offsetyout:bottom;durationout:2000;fadeout:false;position:relative;\"><div class=\"f5-blog-teaser\"><div onclick=\"javascript:location.href='https:\/\/www.sailservice-germany.de\/en\/?post_type=post&amp;p=11762'\"><h4>Sommert\u00f6rn geplant?<\/h4><div><p><\/p><p> Jetzt noch schnell im Mai Segel und Persenninge bestellen und nach ca. 4 - 6 Wochen mit neuen Segeln in den Sommerurlaub starten!<\/p><p><\/p><p><\/p><p>Anfrage hier oder telefonisch unter 0511\/51532750<\/p><p><br><a class=\"f5-button\" href=\"https:\/\/www.sailservice-germany.de\/en\/?post_type=post&amp;p=11762\">&gt; weiterlesen<\/a><\/p><\/div><\/div><\/div><\/div><\/div><div class=\"ls-slide\" data-ls=\"duration:5000;transition2d:18;\"><div style=\"top:50%;left:50%;background-size:inherit;background-position:inherit;font-size:18px;\" class=\"ls-l ls-html-layer\" data-ls=\"offsetyin:top;durationin:2000;fadein:false;offsetyout:bottom;durationout:2000;fadeout:false;position:relative;\"><div class=\"f5-blog-teaser\"><div onclick=\"javascript:location.href='https:\/\/www.sailservice-germany.de\/en\/?post_type=post&amp;p=11322'\"><h4>Preiserh\u00f6hungen zum 1. Januar 2026<\/h4><div><p><\/p><p>Jetzt noch Segel und Persenninge g\u00fcnstig bestellen!<\/p><p><\/p><p><\/p><p>Wir erwarten Preiserh\u00f6hungen der Segeltuchhersteller, Hardwarelieferanten sowie in der Fertigung von ca. 3 - 10% zum 1. Januar 2026. F\u00fcr die Segel werden es ca. 3 - 5% sein, alle Persenningpreise werden sich um etwa 10% erh\u00f6hen.<\/p><p><\/p><p>Die aktuellen 2024er \/ 2025er Preise gelten noch bei Bestellung bis zum 18. Dezember 2025. Bis dahin muss die Anzahlung eingegangen sein und alle Ma\u00dfe und Details f\u00fcr die Fertigung m\u00fcssen vorliegen.<\/p><p><br><a class=\"f5-button\" href=\"https:\/\/www.sailservice-germany.de\/en\/?post_type=post&amp;p=11322\">&gt; weiterlesen<\/a><\/p><\/div><\/div><\/div><\/div><\/div><\/div><\/div><\/div><div class=\"fusion-layout-column fusion_builder_column fusion-builder-column-1 fusion_builder_column_1_1 1_1 fusion-flex-column fusion-no-large-visibility\" style=\"--awb-bg-size:cover;--awb-width-large:100%;--awb-margin-top-large:0px;--awb-spacing-right-large:1.92%;--awb-margin-bottom-large:20px;--awb-spacing-left-large:1.92%;--awb-width-medium:100%;--awb-order-medium:0;--awb-spacing-right-medium:1.92%;--awb-spacing-left-medium:1.92%;--awb-width-small:100%;--awb-order-small:0;--awb-spacing-right-small:1.92%;--awb-spacing-left-small:1.92%;\"><div class=\"fusion-column-wrapper fusion-column-has-shadow fusion-flex-justify-content-flex-start fusion-content-layout-column\"><div class=\"f5-blog-teaser\"><div onclick=\"javascript:location.href='https:\/\/www.sailservice-germany.de\/en\/?post_type=post&p=11322'\"><h4>Preiserh\u00f6hungen zum 1. Januar 2026<\/h4><div><p>\r\n<p>Jetzt noch Segel und Persenninge g\u00fcnstig bestellen!<p>\r\n<p>\r\n<p>Wir erwarten Preiserh\u00f6hungen der Segeltuchhersteller, Hardwarelieferanten sowie in der Fertigung von ca. 3 - 10% zum 1. Januar 2026. F\u00fcr die Segel werden es ca. 3 - 5% sein, alle Persenningpreise werden sich um etwa 10% erh\u00f6hen.<p>\r\n<p>Die aktuellen 2024er \/ 2025er Preise gelten noch bei Bestellung bis zum 18. Dezember 2025. Bis dahin muss die Anzahlung eingegangen sein und alle Ma\u00dfe und Details f\u00fcr die Fertigung m\u00fcssen vorliegen.<p><br \/><a class=\"f5-button\" href='https:\/\/www.sailservice-germany.de\/en\/?post_type=post&p=11322'>&gt; weiterlesen<\/a><\/div><\/div><\/div><div class=\"fusion-separator fusion-full-width-sep\" style=\"align-self: center;margin-left: auto;margin-right: auto;margin-top:23px;width:100%;\"><\/div><div class=\"f5-blog-teaser\"><div onclick=\"javascript:location.href='https:\/\/www.sailservice-germany.de\/en\/?post_type=post&p=11762'\"><h4>Sommert\u00f6rn geplant?<\/h4><div><p>\r\n<p> Jetzt noch schnell im Mai Segel und Persenninge bestellen und nach ca. 4 - 6 Wochen mit neuen Segeln in den Sommerurlaub starten!<p>\r\n<p>\r\n<p>Anfrage hier oder telefonisch unter 0511\/51532750<p><br \/><a class=\"f5-button\" href='https:\/\/www.sailservice-germany.de\/en\/?post_type=post&p=11762'>&gt; weiterlesen<\/a><\/div><\/div><\/div><div class=\"fusion-separator fusion-full-width-sep\" style=\"align-self: center;margin-left: auto;margin-right: auto;margin-top:23px;width:100%;\"><\/div><\/div><\/div><\/div><\/div><div class=\"fusion-fullwidth fullwidth-box fusion-builder-row-2 nonhundred-percent-fullwidth non-hundred-percent-height-scrolling\" style=\"--awb-border-radius-top-left:0px;--awb-border-radius-top-right:0px;--awb-border-radius-bottom-right:0px;--awb-border-radius-bottom-left:0px;--awb-flex-wrap:wrap;\" ><div class=\"fusion-builder-row fusion-row\"><div class=\"fusion-layout-column fusion_builder_column fusion-builder-column-2 fusion_builder_column_1_1 1_1 fusion-one-full fusion-column-first fusion-column-last\" style=\"--awb-bg-size:cover;\"><div class=\"fusion-column-wrapper fusion-column-has-shadow fusion-flex-column-wrapper-legacy\"><div class=\"fusion-text fusion-text-1\"><h1>Low-priced sails from the sailmaker<\/h1>\n<\/div><div class=\"fusion-text fusion-text-2\"><p>Sail Service Germany is the German distribution partner of the biggest polish sailmakery, <a href=\"http:\/\/www.sailservice.pl\/\" target=\"_blank\" rel=\"noopener\">Sail Service Poland<\/a><\/p>\n<p>We offer you very affordable boat sails in excellent craftsmanship. Benefit from many decades of experience in the manufacture of sails, state-of-the-art production, the best materials from German and European manufacturers as well as relatively short delivery times from Sail Service Poland combined with competent advice and order processing with us from Sail Service Germany here in Germany. You conclude the contract with us as a German company and the corresponding legal security.<\/p>\n<\/div><div class=\"video-container\"><iframe src=\"https:\/\/www.youtube.com\/embed\/trWtDYB_6nU?autoplay=1&mute=1&rel=0\" frameborder=\"0\" allow=\"accelerometer; autoplay; encrypted-media; gyroscope; picture-in-picture\" allowfullscreen=\"\"><\/iframe><\/div><div class=\"fusion-text fusion-text-3\"><h2>Quality sails from traditional sail loft.<\/h2>\n<p>The Sail Service is a traditional sailmaker and was founded in 1951 as a division of the yacht manufacturer J. Conrad in Gdansk. Sail Service Poland has been producing boat sails under its own name since 1987. 67 tall ships from 23 countries are currently sailing with the sails of Sail Service. Only the highest quality fabrics are used for horizontal, radial and membrane sails. You can find the sails on the largest sailing ships in the world, expedition yachts and regatta yachts. Many of the employees are sailors who test their products themselves during regattas and long sailing trips. In addition to the production of boat sails, Sail Service has also specialized in the manufacture of sail covers such as lazy bags \/ main drop systems, main covers and furling covers. As a special service, we offer perfectly coordinated genaker furling systems &#8211; consisting of a new genaker from Sail Service and a genaker furler from facnor or Ronstan.<\/p>\n<\/div>\t\t\t\t<div class=\"fusion-clearfix\"><\/div><\/div><\/div><\/div><\/div><\/p>\n","protected":false},"excerpt":{"rendered":"","protected":false},"author":1,"featured_media":0,"parent":0,"menu_order":0,"comment_status":"closed","ping_status":"closed","template":"","meta":{"footnotes":""},"class_list":["post-6137","page","type-page","status-publish","hentry"],"_links":{"self":[{"href":"https:\/\/www.sailservice-germany.de\/en\/wp-json\/wp\/v2\/pages\/6137","targetHints":{"allow":["GET"]}}],"collection":[{"href":"https:\/\/www.sailservice-germany.de\/en\/wp-json\/wp\/v2\/pages"}],"about":[{"href":"https:\/\/www.sailservice-germany.de\/en\/wp-json\/wp\/v2\/types\/page"}],"author":[{"embeddable":true,"href":"https:\/\/www.sailservice-germany.de\/en\/wp-json\/wp\/v2\/users\/1"}],"replies":[{"embeddable":true,"href":"https:\/\/www.sailservice-germany.de\/en\/wp-json\/wp\/v2\/comments?post=6137"}],"version-history":[{"count":7,"href":"https:\/\/www.sailservice-germany.de\/en\/wp-json\/wp\/v2\/pages\/6137\/revisions"}],"predecessor-version":[{"id":6590,"href":"https:\/\/www.sailservice-germany.de\/en\/wp-json\/wp\/v2\/pages\/6137\/revisions\/6590"}],"wp:attachment":[{"href":"https:\/\/www.sailservice-germany.de\/en\/wp-json\/wp\/v2\/media?parent=6137"}],"curies":[{"name":"wp","href":"https:\/\/api.w.org\/{rel}","templated":true}]}}